{"id":60,"date":"2022-03-03T08:52:24","date_gmt":"2022-03-03T07:52:24","guid":{"rendered":"http:\/\/ptchit.lodz.pl\/?page_id=60"},"modified":"2024-05-13T09:04:34","modified_gmt":"2024-05-13T07:04:34","slug":"komisja-rewizyjna","status":"publish","type":"page","link":"https:\/\/ptchit.lodz.pl\/en\/komisja-rewizyjna\/","title":{"rendered":"Revision Committee"},"content":{"rendered":"<div data-elementor-type=\"wp-page\" data-elementor-id=\"60\" class=\"elementor elementor-60\">\n\t\t\t\t\t\t<section class=\"elementor-section elementor-top-section elementor-element elementor-element-17534ebd elementor-section-boxed elementor-section-height-default elementor-section-height-default\" data-id=\"17534ebd\" data-element_type=\"section\" data-e-type=\"section\">\n\t\t\t\t\t\t<div class=\"elementor-container elementor-column-gap-default\">\n\t\t\t\t\t<div class=\"elementor-column elementor-col-50 elementor-top-column elementor-element elementor-element-399e5ac\" data-id=\"399e5ac\" data-element_type=\"column\" data-e-type=\"column\">\n\t\t\t<div class=\"elementor-widget-wrap elementor-element-populated\">\n\t\t\t\t\t\t<div class=\"elementor-element elementor-element-934c298 eael_simple_menu_hamburger_disable_selected_menu_no eael-simple-menu-hamburger-align-right eael-hamburger--tablet elementor-widget elementor-widget-eael-simple-menu\" data-id=\"934c298\" data-element_type=\"widget\" data-e-type=\"widget\" data-widget_type=\"eael-simple-menu.default\">\n\t\t\t\t<div class=\"elementor-widget-container\">\n\t\t\t\t\t<style>\n                        @media screen and (max-width: 1024px) {\n                            .eael-hamburger--tablet {\n                                .eael-simple-menu-horizontal,\n                                .eael-simple-menu-vertical {\n                                    display: none;\n                                }\n                            }\n                            .eael-hamburger--tablet {\n                                .eael-simple-menu-container .eael-simple-menu-toggle {\n                                    display: block;\n                                }\n                            }\n                        }\n                    <\/style>            <div data-hamburger-icon=\"&lt;i aria-hidden=&quot;true&quot; class=&quot;fas fa-bars&quot;&gt;&lt;\/i&gt;\" data-indicator-icon=\"&lt;i aria-hidden=&quot;true&quot; class=&quot;fas fa-angle-down&quot;&gt;&lt;\/i&gt;\" data-dropdown-indicator-icon=\"&lt;i class=&quot;fas fa-angle-down&quot;&gt;&lt;\/i&gt;\" class=\"eael-simple-menu-container eael-simple-menu-align-left eael-simple-menu-dropdown-align-left preset-2\" data-hamburger-breakpoints=\"{&quot;mobile&quot;:&quot;Mobile Portrait (&gt; 767px)&quot;,&quot;tablet&quot;:&quot;Tablet Portrait (&gt; 1024px)&quot;,&quot;desktop&quot;:&quot;Desktop (&gt; 2400px)&quot;,&quot;none&quot;:&quot;None&quot;}\" data-hamburger-device=\"tablet\">\n                <ul id=\"menu-wladze\" class=\"eael-simple-menu eael-simple-menu-dropdown-animate-to-top eael-simple-menu-indicator eael-simple-menu-vertical\"><li id=\"menu-item-601\" class=\"menu-item menu-item-type-post_type menu-item-object-page menu-item-601\"><a href=\"https:\/\/ptchit.lodz.pl\/en\/zarzad\/\">Board<\/a><\/li>\n<li id=\"menu-item-600\" class=\"menu-item menu-item-type-post_type menu-item-object-page menu-item-600\"><a href=\"https:\/\/ptchit.lodz.pl\/en\/komisja-rewizyjna\/\">Revision Committee<\/a><\/li>\n<li id=\"menu-item-599\" class=\"menu-item menu-item-type-post_type menu-item-object-page menu-item-599\"><a href=\"https:\/\/ptchit.lodz.pl\/en\/prezesi-towarzystwa\/\">Presidents of the Society<\/a><\/li>\n<\/ul>                <button class=\"eael-simple-menu-toggle\">\n                    <span class=\"sr-only\">Hamburger Toggle Menu<\/span>\n                    <i aria-hidden=\"true\" class=\"fas fa-bars\"><\/i>                <\/button>\n            <\/div>\n            \t\t\t\t<\/div>\n\t\t\t\t<\/div>\n\t\t\t\t\t<\/div>\n\t\t<\/div>\n\t\t\t\t<div class=\"elementor-column elementor-col-50 elementor-top-column elementor-element elementor-element-ac084b9\" data-id=\"ac084b9\" data-element_type=\"column\" data-e-type=\"column\">\n\t\t\t<div class=\"elementor-widget-wrap elementor-element-populated\">\n\t\t\t\t\t\t<div class=\"elementor-element elementor-element-2dc23f9 elementor-widget elementor-widget-heading\" data-id=\"2dc23f9\" data-element_type=\"widget\" data-e-type=\"widget\" data-widget_type=\"heading.default\">\n\t\t\t\t<div class=\"elementor-widget-container\">\n\t\t\t\t\t<h2 class=\"elementor-heading-title elementor-size-default\">Revision Committee:<\/h2>\t\t\t\t<\/div>\n\t\t\t\t<\/div>\n\t\t\t\t<section class=\"elementor-section elementor-inner-section elementor-element elementor-element-21033cca elementor-section-boxed elementor-section-height-default elementor-section-height-default\" data-id=\"21033cca\" data-element_type=\"section\" data-e-type=\"section\">\n\t\t\t\t\t\t<div class=\"elementor-container elementor-column-gap-default\">\n\t\t\t\t\t<div class=\"elementor-column elementor-col-50 elementor-inner-column elementor-element elementor-element-25f0d891\" data-id=\"25f0d891\" data-element_type=\"column\" data-e-type=\"column\">\n\t\t\t<div class=\"elementor-widget-wrap elementor-element-populated\">\n\t\t\t\t\t\t<div class=\"elementor-element elementor-element-1e0e39d1 elementor-widget elementor-widget-image\" data-id=\"1e0e39d1\" data-element_type=\"widget\" data-e-type=\"widget\" data-widget_type=\"image.default\">\n\t\t\t\t<div class=\"elementor-widget-container\">\n\t\t\t\t\t\t\t\t\t\t\t\t\t\t\t<img decoding=\"async\" src=\"https:\/\/ptchit.lodz.pl\/wp-content\/uploads\/elementor\/thumbs\/pngegg-e1715583475803-r9m5825p6a4919oveek7kpvs6m2njfbchqcgldtpzk.png\" title=\"pngegg\" alt=\"pngegg\" loading=\"lazy\" \/>\t\t\t\t\t\t\t\t\t\t\t\t\t\t\t<\/div>\n\t\t\t\t<\/div>\n\t\t\t\t\t<\/div>\n\t\t<\/div>\n\t\t\t\t<div class=\"elementor-column elementor-col-50 elementor-inner-column elementor-element elementor-element-7ce4c8c0\" data-id=\"7ce4c8c0\" data-element_type=\"column\" data-e-type=\"column\">\n\t\t\t<div class=\"elementor-widget-wrap elementor-element-populated\">\n\t\t\t\t\t\t<div class=\"elementor-element elementor-element-197be9d5 elementor-widget elementor-widget-text-editor\" data-id=\"197be9d5\" data-element_type=\"widget\" data-e-type=\"widget\" data-widget_type=\"text-editor.default\">\n\t\t\t\t<div class=\"elementor-widget-container\">\n\t\t\t\t\t\t\t\t\t<h5><strong>Urszula Filipkowska, Ph.D., D.Sc., Eng., prof. UWM<\/strong><\/h5><p>Faculty of Geoengineering<br \/>Institute of Engineering and Environment Protection<br \/>Department of Environment Engineering<br \/>University of Warmia and Mazury in Olsztyn<br \/>Warszawska 117a, 10-720 Olsztyn<br \/>phone: (+ 48 89) 523 48 93<br \/>e-mail:\u00a0<a href=\"mailto:urszula.filipkowska@uwm.edu.pl\">urszula.filipkowska@uwm.edu.pl<\/a><\/p>\t\t\t\t\t\t\t\t<\/div>\n\t\t\t\t<\/div>\n\t\t\t\t\t<\/div>\n\t\t<\/div>\n\t\t\t\t\t<\/div>\n\t\t<\/section>\n\t\t\t\t<section class=\"elementor-section elementor-inner-section elementor-element elementor-element-15bcd889 elementor-section-boxed elementor-section-height-default elementor-section-height-default\" data-id=\"15bcd889\" data-element_type=\"section\" data-e-type=\"section\">\n\t\t\t\t\t\t<div class=\"elementor-container elementor-column-gap-default\">\n\t\t\t\t\t<div class=\"elementor-column elementor-col-50 elementor-inner-column elementor-element elementor-element-3735d226\" data-id=\"3735d226\" data-element_type=\"column\" data-e-type=\"column\">\n\t\t\t<div class=\"elementor-widget-wrap elementor-element-populated\">\n\t\t\t\t\t\t<div class=\"elementor-element elementor-element-afef106 elementor-widget elementor-widget-image\" data-id=\"afef106\" data-element_type=\"widget\" data-e-type=\"widget\" data-widget_type=\"image.default\">\n\t\t\t\t<div class=\"elementor-widget-container\">\n\t\t\t\t\t\t\t\t\t\t\t\t\t\t\t<img decoding=\"async\" src=\"https:\/\/ptchit.lodz.pl\/wp-content\/uploads\/elementor\/thumbs\/pngegg-e1715583475803-r9m5825p6a4919oveek7kpvs6m2njfbchqcgldtpzk.png\" title=\"pngegg\" alt=\"pngegg\" loading=\"lazy\" \/>\t\t\t\t\t\t\t\t\t\t\t\t\t\t\t<\/div>\n\t\t\t\t<\/div>\n\t\t\t\t\t<\/div>\n\t\t<\/div>\n\t\t\t\t<div class=\"elementor-column elementor-col-50 elementor-inner-column elementor-element elementor-element-55dc52f2\" data-id=\"55dc52f2\" data-element_type=\"column\" data-e-type=\"column\">\n\t\t\t<div class=\"elementor-widget-wrap elementor-element-populated\">\n\t\t\t\t\t\t<div class=\"elementor-element elementor-element-5df2a120 elementor-widget elementor-widget-text-editor\" data-id=\"5df2a120\" data-element_type=\"widget\" data-e-type=\"widget\" data-widget_type=\"text-editor.default\">\n\t\t\t\t<div class=\"elementor-widget-container\">\n\t\t\t\t\t\t\t\t\t<h5><strong>Renata Czechowska-Biskup, Ph.D., Eng.<\/strong><\/h5>\n<p>Institute of Applied Radiation Chemistry<br>Lodz University of Technology<br>Wr\u00f3blewskiego 15, 93-590 \u0141\u00f3d\u017a<br>tel.: (+48 42) 631 31 64, (+48 42) 631 31 90<br>e-mail:&nbsp;<a href=\"mailto:renata.czechowska-biskup@p.lodz.pl\">renata.czechowska-biskup@p.lodz.pl<\/a><\/p>\t\t\t\t\t\t\t\t<\/div>\n\t\t\t\t<\/div>\n\t\t\t\t\t<\/div>\n\t\t<\/div>\n\t\t\t\t\t<\/div>\n\t\t<\/section>\n\t\t\t\t\t<\/div>\n\t\t<\/div>\n\t\t\t\t\t<\/div>\n\t\t<\/section>\n\t\t\t\t<\/div>","protected":false},"excerpt":{"rendered":"<p>Zarz\u0105d Komisja Rewizyjna Prezesi Towarzystwa Komisja Rewizyjna: Dr hab. in\u017c. Urszula Filipkowska, prof. UWM Wydzia\u0142 Geoin\u017cynieriiInstytut In\u017cynierii i Ochrony \u015arodowiskaKatedra In\u017cynierii \u015arodowiskaUniwersytet Warmi\u0144sko-Mazurski w Olsztynieul. Warszawska 117a, 10-720 Olsztyntel.: (+ 48 89) 523 48 93e-mail:\u00a0urszula.filipkowska@uwm.edu.pl Dr in\u017c. Renata Czechowska-Biskup Mi\u0119dzyresortowy Instytut Techniki RadiacyjnejPolitechnika \u0141\u00f3dzkaul. Wr\u00f3blewskiego 15, 93-590 \u0141\u00f3d\u017atel.: (+48 42) 631 31 64, (+48 42) [&hellip;]<\/p>\n","protected":false},"author":1,"featured_media":0,"parent":0,"menu_order":0,"comment_status":"closed","ping_status":"closed","template":"","meta":{"footnotes":""},"class_list":["post-60","page","type-page","status-publish","hentry"],"blocksy_meta":{"styles_descriptor":{"styles":{"desktop":"","tablet":"","mobile":""},"google_fonts":[],"version":6}},"yoast_head":"<!-- This site is optimized with the Yoast SEO plugin v27.2 - https:\/\/yoast.com\/product\/yoast-seo-wordpress\/ -->\n<title>Komisja Rewizyjna - PTCHIT<\/title>\n<meta name=\"robots\" content=\"index, follow, max-snippet:-1, max-image-preview:large, max-video-preview:-1\" \/>\n<link rel=\"canonical\" href=\"https:\/\/ptchit.lodz.pl\/en\/komisja-rewizyjna\/\" \/>\n<meta name=\"twitter:label1\" content=\"Est. reading time\" \/>\n\t<meta name=\"twitter:data1\" content=\"1 minute\" \/>\n<script type=\"application\/ld+json\" class=\"yoast-schema-graph\">{\"@context\":\"https:\/\/schema.org\",\"@graph\":[{\"@type\":\"WebPage\",\"@id\":\"https:\/\/ptchit.lodz.pl\/en\/komisja-rewizyjna\/\",\"url\":\"https:\/\/ptchit.lodz.pl\/en\/komisja-rewizyjna\/\",\"name\":\"Komisja Rewizyjna - PTCHIT\",\"isPartOf\":{\"@id\":\"https:\/\/ptchit.lodz.pl\/#website\"},\"primaryImageOfPage\":{\"@id\":\"https:\/\/ptchit.lodz.pl\/en\/komisja-rewizyjna\/#primaryimage\"},\"image\":{\"@id\":\"https:\/\/ptchit.lodz.pl\/en\/komisja-rewizyjna\/#primaryimage\"},\"thumbnailUrl\":\"http:\/\/ptchit.lodz.pl\/wp-content\/uploads\/elementor\/thumbs\/pngegg-e1715583475803-qo38ae8ihza10mgmo66ln7u20jzz49ymheo73n1ngg.png\",\"datePublished\":\"2022-03-03T07:52:24+00:00\",\"dateModified\":\"2024-05-13T07:04:34+00:00\",\"breadcrumb\":{\"@id\":\"https:\/\/ptchit.lodz.pl\/en\/komisja-rewizyjna\/#breadcrumb\"},\"inLanguage\":\"en-US\",\"potentialAction\":[{\"@type\":\"ReadAction\",\"target\":[\"https:\/\/ptchit.lodz.pl\/en\/komisja-rewizyjna\/\"]}]},{\"@type\":\"ImageObject\",\"inLanguage\":\"en-US\",\"@id\":\"https:\/\/ptchit.lodz.pl\/en\/komisja-rewizyjna\/#primaryimage\",\"url\":\"http:\/\/ptchit.lodz.pl\/wp-content\/uploads\/elementor\/thumbs\/pngegg-e1715583475803-qo38ae8ihza10mgmo66ln7u20jzz49ymheo73n1ngg.png\",\"contentUrl\":\"http:\/\/ptchit.lodz.pl\/wp-content\/uploads\/elementor\/thumbs\/pngegg-e1715583475803-qo38ae8ihza10mgmo66ln7u20jzz49ymheo73n1ngg.png\"},{\"@type\":\"BreadcrumbList\",\"@id\":\"https:\/\/ptchit.lodz.pl\/en\/komisja-rewizyjna\/#breadcrumb\",\"itemListElement\":[{\"@type\":\"ListItem\",\"position\":1,\"name\":\"Strona g\u0142\u00f3wna\",\"item\":\"https:\/\/ptchit.lodz.pl\/\"},{\"@type\":\"ListItem\",\"position\":2,\"name\":\"Komisja Rewizyjna\"}]},{\"@type\":\"WebSite\",\"@id\":\"https:\/\/ptchit.lodz.pl\/#website\",\"url\":\"https:\/\/ptchit.lodz.pl\/\",\"name\":\"PTCHIT\",\"description\":\"Polskie Towarzystwo Chitynowe\",\"publisher\":{\"@id\":\"https:\/\/ptchit.lodz.pl\/#organization\"},\"alternateName\":\"Polskie Towarzystwo Chitynowe\",\"potentialAction\":[{\"@type\":\"SearchAction\",\"target\":{\"@type\":\"EntryPoint\",\"urlTemplate\":\"https:\/\/ptchit.lodz.pl\/?s={search_term_string}\"},\"query-input\":{\"@type\":\"PropertyValueSpecification\",\"valueRequired\":true,\"valueName\":\"search_term_string\"}}],\"inLanguage\":\"en-US\"},{\"@type\":\"Organization\",\"@id\":\"https:\/\/ptchit.lodz.pl\/#organization\",\"name\":\"Polskie Towarzystwo Chitynowe\",\"alternateName\":\"PTChit\",\"url\":\"https:\/\/ptchit.lodz.pl\/\",\"logo\":{\"@type\":\"ImageObject\",\"inLanguage\":\"en-US\",\"@id\":\"https:\/\/ptchit.lodz.pl\/#\/schema\/logo\/image\/\",\"url\":\"https:\/\/ptchit.lodz.pl\/wp-content\/uploads\/2022\/03\/logo-PTChit.jpg\",\"contentUrl\":\"https:\/\/ptchit.lodz.pl\/wp-content\/uploads\/2022\/03\/logo-PTChit.jpg\",\"width\":1240,\"height\":1240,\"caption\":\"Polskie Towarzystwo Chitynowe\"},\"image\":{\"@id\":\"https:\/\/ptchit.lodz.pl\/#\/schema\/logo\/image\/\"}}]}<\/script>\n<!-- \/ Yoast SEO plugin. -->","yoast_head_json":{"title":"Komisja Rewizyjna - PTCHIT","robots":{"index":"index","follow":"follow","max-snippet":"max-snippet:-1","max-image-preview":"max-image-preview:large","max-video-preview":"max-video-preview:-1"},"canonical":"https:\/\/ptchit.lodz.pl\/en\/komisja-rewizyjna\/","twitter_misc":{"Est. reading time":"1 minute"},"schema":{"@context":"https:\/\/schema.org","@graph":[{"@type":"WebPage","@id":"https:\/\/ptchit.lodz.pl\/en\/komisja-rewizyjna\/","url":"https:\/\/ptchit.lodz.pl\/en\/komisja-rewizyjna\/","name":"Komisja Rewizyjna - PTCHIT","isPartOf":{"@id":"https:\/\/ptchit.lodz.pl\/#website"},"primaryImageOfPage":{"@id":"https:\/\/ptchit.lodz.pl\/en\/komisja-rewizyjna\/#primaryimage"},"image":{"@id":"https:\/\/ptchit.lodz.pl\/en\/komisja-rewizyjna\/#primaryimage"},"thumbnailUrl":"http:\/\/ptchit.lodz.pl\/wp-content\/uploads\/elementor\/thumbs\/pngegg-e1715583475803-qo38ae8ihza10mgmo66ln7u20jzz49ymheo73n1ngg.png","datePublished":"2022-03-03T07:52:24+00:00","dateModified":"2024-05-13T07:04:34+00:00","breadcrumb":{"@id":"https:\/\/ptchit.lodz.pl\/en\/komisja-rewizyjna\/#breadcrumb"},"inLanguage":"en-US","potentialAction":[{"@type":"ReadAction","target":["https:\/\/ptchit.lodz.pl\/en\/komisja-rewizyjna\/"]}]},{"@type":"ImageObject","inLanguage":"en-US","@id":"https:\/\/ptchit.lodz.pl\/en\/komisja-rewizyjna\/#primaryimage","url":"http:\/\/ptchit.lodz.pl\/wp-content\/uploads\/elementor\/thumbs\/pngegg-e1715583475803-qo38ae8ihza10mgmo66ln7u20jzz49ymheo73n1ngg.png","contentUrl":"http:\/\/ptchit.lodz.pl\/wp-content\/uploads\/elementor\/thumbs\/pngegg-e1715583475803-qo38ae8ihza10mgmo66ln7u20jzz49ymheo73n1ngg.png"},{"@type":"BreadcrumbList","@id":"https:\/\/ptchit.lodz.pl\/en\/komisja-rewizyjna\/#breadcrumb","itemListElement":[{"@type":"ListItem","position":1,"name":"Strona g\u0142\u00f3wna","item":"https:\/\/ptchit.lodz.pl\/"},{"@type":"ListItem","position":2,"name":"Komisja Rewizyjna"}]},{"@type":"WebSite","@id":"https:\/\/ptchit.lodz.pl\/#website","url":"https:\/\/ptchit.lodz.pl\/","name":"PTCHIT","description":"Polish Chitin Society","publisher":{"@id":"https:\/\/ptchit.lodz.pl\/#organization"},"alternateName":"Polskie Towarzystwo Chitynowe","potentialAction":[{"@type":"SearchAction","target":{"@type":"EntryPoint","urlTemplate":"https:\/\/ptchit.lodz.pl\/?s={search_term_string}"},"query-input":{"@type":"PropertyValueSpecification","valueRequired":true,"valueName":"search_term_string"}}],"inLanguage":"en-US"},{"@type":"Organization","@id":"https:\/\/ptchit.lodz.pl\/#organization","name":"Polish Chitin Society","alternateName":"PTChit","url":"https:\/\/ptchit.lodz.pl\/","logo":{"@type":"ImageObject","inLanguage":"en-US","@id":"https:\/\/ptchit.lodz.pl\/#\/schema\/logo\/image\/","url":"https:\/\/ptchit.lodz.pl\/wp-content\/uploads\/2022\/03\/logo-PTChit.jpg","contentUrl":"https:\/\/ptchit.lodz.pl\/wp-content\/uploads\/2022\/03\/logo-PTChit.jpg","width":1240,"height":1240,"caption":"Polskie Towarzystwo Chitynowe"},"image":{"@id":"https:\/\/ptchit.lodz.pl\/#\/schema\/logo\/image\/"}}]}},"_links":{"self":[{"href":"https:\/\/ptchit.lodz.pl\/en\/wp-json\/wp\/v2\/pages\/60","targetHints":{"allow":["GET"]}}],"collection":[{"href":"https:\/\/ptchit.lodz.pl\/en\/wp-json\/wp\/v2\/pages"}],"about":[{"href":"https:\/\/ptchit.lodz.pl\/en\/wp-json\/wp\/v2\/types\/page"}],"author":[{"embeddable":true,"href":"https:\/\/ptchit.lodz.pl\/en\/wp-json\/wp\/v2\/users\/1"}],"replies":[{"embeddable":true,"href":"https:\/\/ptchit.lodz.pl\/en\/wp-json\/wp\/v2\/comments?post=60"}],"version-history":[{"count":61,"href":"https:\/\/ptchit.lodz.pl\/en\/wp-json\/wp\/v2\/pages\/60\/revisions"}],"predecessor-version":[{"id":4348,"href":"https:\/\/ptchit.lodz.pl\/en\/wp-json\/wp\/v2\/pages\/60\/revisions\/4348"}],"wp:attachment":[{"href":"https:\/\/ptchit.lodz.pl\/en\/wp-json\/wp\/v2\/media?parent=60"}],"curies":[{"name":"wp","href":"https:\/\/api.w.org\/{rel}","templated":true}]}}