{"id":504,"date":"2022-04-01T22:34:39","date_gmt":"2022-04-01T20:34:39","guid":{"rendered":"http:\/\/ptchit.lodz.pl\/?page_id=504"},"modified":"2025-09-28T18:25:05","modified_gmt":"2025-09-28T16:25:05","slug":"formularz-czlonkowski","status":"publish","type":"page","link":"https:\/\/ptchit.lodz.pl\/en\/formularz-czlonkowski\/","title":{"rendered":"Membership form"},"content":{"rendered":"<div data-elementor-type=\"wp-page\" data-elementor-id=\"504\" class=\"elementor elementor-504\">\n\t\t\t\t\t\t<section class=\"elementor-section elementor-top-section elementor-element elementor-element-8535fe0 elementor-section-boxed elementor-section-height-default elementor-section-height-default\" data-id=\"8535fe0\" data-element_type=\"section\" data-e-type=\"section\">\n\t\t\t\t\t\t<div class=\"elementor-container elementor-column-gap-default\">\n\t\t\t\t\t<div class=\"elementor-column elementor-col-100 elementor-top-column elementor-element elementor-element-3f59ee3\" data-id=\"3f59ee3\" data-element_type=\"column\" data-e-type=\"column\">\n\t\t\t<div class=\"elementor-widget-wrap elementor-element-populated\">\n\t\t\t\t\t\t<section class=\"elementor-section elementor-inner-section elementor-element elementor-element-572cc4d elementor-section-boxed elementor-section-height-default elementor-section-height-default\" data-id=\"572cc4d\" data-element_type=\"section\" data-e-type=\"section\">\n\t\t\t\t\t\t<div class=\"elementor-container elementor-column-gap-default\">\n\t\t\t\t\t<div class=\"elementor-column elementor-col-50 elementor-inner-column elementor-element elementor-element-1933121\" data-id=\"1933121\" data-element_type=\"column\" data-e-type=\"column\">\n\t\t\t<div class=\"elementor-widget-wrap elementor-element-populated\">\n\t\t\t\t\t\t<div class=\"elementor-element elementor-element-48f9ded eael_simple_menu_hamburger_disable_selected_menu_no eael-simple-menu-hamburger-align-right eael-hamburger--tablet elementor-widget elementor-widget-eael-simple-menu\" data-id=\"48f9ded\" data-element_type=\"widget\" data-e-type=\"widget\" data-widget_type=\"eael-simple-menu.default\">\n\t\t\t\t<div class=\"elementor-widget-container\">\n\t\t\t\t\t<style>\n                        @media screen and (max-width: 1024px) {\n                            .eael-hamburger--tablet {\n                                .eael-simple-menu-horizontal,\n                                .eael-simple-menu-vertical {\n                                    display: none;\n                                }\n                            }\n                            .eael-hamburger--tablet {\n                                .eael-simple-menu-container .eael-simple-menu-toggle {\n                                    display: block;\n                                }\n                            }\n                        }\n                    <\/style>            <div data-hamburger-icon=\"&lt;i aria-hidden=&quot;true&quot; class=&quot;fas fa-bars&quot;&gt;&lt;\/i&gt;\" data-indicator-icon=\"&lt;i aria-hidden=&quot;true&quot; class=&quot;fas fa-angle-down&quot;&gt;&lt;\/i&gt;\" data-dropdown-indicator-icon=\"&lt;i class=&quot;fas fa-angle-down&quot;&gt;&lt;\/i&gt;\" class=\"eael-simple-menu-container eael-simple-menu-align-left eael-simple-menu-dropdown-align-left preset-2\" data-hamburger-breakpoints=\"{&quot;mobile&quot;:&quot;Mobile Portrait (&gt; 767px)&quot;,&quot;tablet&quot;:&quot;Tablet Portrait (&gt; 1024px)&quot;,&quot;desktop&quot;:&quot;Desktop (&gt; 2400px)&quot;,&quot;none&quot;:&quot;None&quot;}\" data-hamburger-device=\"tablet\">\n                <ul id=\"menu-ptchit\" class=\"eael-simple-menu eael-simple-menu-dropdown-animate-to-top eael-simple-menu-indicator eael-simple-menu-vertical\"><li id=\"menu-item-632\" class=\"menu-item menu-item-type-post_type menu-item-object-page menu-item-632\"><a href=\"https:\/\/ptchit.lodz.pl\/en\/cele\/\">Objectives<\/a><\/li>\n<li id=\"menu-item-631\" class=\"menu-item menu-item-type-post_type menu-item-object-page menu-item-631\"><a href=\"https:\/\/ptchit.lodz.pl\/en\/statut\/\">Statute<\/a><\/li>\n<li id=\"menu-item-630\" class=\"menu-item menu-item-type-post_type menu-item-object-page menu-item-630\"><a href=\"https:\/\/ptchit.lodz.pl\/en\/czlonkowie-honorowi\/\">Honorary members<\/a><\/li>\n<li id=\"menu-item-628\" class=\"menu-item menu-item-type-post_type menu-item-object-page menu-item-628\"><a href=\"https:\/\/ptchit.lodz.pl\/en\/formularz-czlonkowski\/\">Membership form<\/a><\/li>\n<li id=\"menu-item-629\" class=\"menu-item menu-item-type-post_type menu-item-object-page menu-item-629\"><a href=\"https:\/\/ptchit.lodz.pl\/en\/historia-towarzystwa\/\">History of the Society<\/a><\/li>\n<\/ul>                <button class=\"eael-simple-menu-toggle\">\n                    <span class=\"sr-only\">Hamburger Toggle Menu<\/span>\n                    <i aria-hidden=\"true\" class=\"fas fa-bars\"><\/i>                <\/button>\n            <\/div>\n            \t\t\t\t<\/div>\n\t\t\t\t<\/div>\n\t\t\t\t\t<\/div>\n\t\t<\/div>\n\t\t\t\t<div class=\"elementor-column elementor-col-50 elementor-inner-column elementor-element elementor-element-34319a0\" data-id=\"34319a0\" data-element_type=\"column\" data-e-type=\"column\">\n\t\t\t<div class=\"elementor-widget-wrap elementor-element-populated\">\n\t\t\t\t\t\t<div class=\"elementor-element elementor-element-c8f5a63 elementor-widget elementor-widget-heading\" data-id=\"c8f5a63\" data-element_type=\"widget\" data-e-type=\"widget\" data-widget_type=\"heading.default\">\n\t\t\t\t<div class=\"elementor-widget-container\">\n\t\t\t\t\t<h2 class=\"elementor-heading-title elementor-size-default\">Membership form<\/h2>\t\t\t\t<\/div>\n\t\t\t\t<\/div>\n\t\t\t\t<div class=\"elementor-element elementor-element-00f4088 elementor-widget elementor-widget-text-editor\" data-id=\"00f4088\" data-element_type=\"widget\" data-e-type=\"widget\" data-widget_type=\"text-editor.default\">\n\t\t\t\t<div class=\"elementor-widget-container\">\n\t\t\t\t\t\t\t\t\t<p>We cordially invite you to join the ranks of the members of the Polish Chitin Society. To become a member of the Polish Chitin Society, please send a completed and signed application form.<\/p>\t\t\t\t\t\t\t\t<\/div>\n\t\t\t\t<\/div>\n\t\t\t\t<div class=\"elementor-element elementor-element-168f201 elementor-button-info elementor-align-justify elementor-widget elementor-widget-button\" data-id=\"168f201\" data-element_type=\"widget\" data-e-type=\"widget\" data-widget_type=\"button.default\">\n\t\t\t\t<div class=\"elementor-widget-container\">\n\t\t\t\t\t\t\t\t\t<div class=\"elementor-button-wrapper\">\n\t\t\t\t\t<a class=\"elementor-button elementor-button-link elementor-size-sm\" href=\"https:\/\/ptchit.lodz.pl\/wp-content\/uploads\/2024\/02\/Membership_form_Polish_Chitin_Society.pdf\" target=\"_blank\">\n\t\t\t\t\t\t<span class=\"elementor-button-content-wrapper\">\n\t\t\t\t\t\t<span class=\"elementor-button-icon\">\n\t\t\t\t<i aria-hidden=\"true\" class=\"fas fa-download\"><\/i>\t\t\t<\/span>\n\t\t\t\t\t\t\t\t\t<span class=\"elementor-button-text\">Download the membership form<\/span>\n\t\t\t\t\t<\/span>\n\t\t\t\t\t<\/a>\n\t\t\t\t<\/div>\n\t\t\t\t\t\t\t\t<\/div>\n\t\t\t\t<\/div>\n\t\t\t\t<div class=\"elementor-element elementor-element-3f5a8f8 elementor-widget elementor-widget-text-editor\" data-id=\"3f5a8f8\" data-element_type=\"widget\" data-e-type=\"widget\" data-widget_type=\"text-editor.default\">\n\t\t\t\t<div class=\"elementor-widget-container\">\n\t\t\t\t\t\t\t\t\t<p><span style=\"font-size: inherit; text-align: inherit; background-color: var(--palettecolor6); color: var(--theme-text-color); font-family: var(--fontFamily); font-style: var(--fontStyle, inherit); font-weight: var(--fontWeight); letter-spacing: var(--letterSpacing); text-transform: var(--textTransform);\">Shipment can be done:<\/span><\/p><ul><li>by traditional route (by post) to the address provided in\u00a0<a href=\"https:\/\/ptchit.lodz.pl\/en\/kontakt\/\" target=\"_blank\" rel=\"noopener\">contact details<\/a>,<\/li><li><span style=\"font-size: inherit; text-align: inherit; background-color: var(--palettecolor6); color: var(--theme-text-color); font-family: var(--fontFamily); font-style: var(--fontStyle, inherit); font-weight: var(--fontWeight); letter-spacing: var(--letterSpacing); text-transform: var(--textTransform);\">by electronic route to the e-mail address\u00a0<\/span><a style=\"font-size: inherit; font-family: var(--fontFamily); font-style: var(--fontStyle, inherit); font-weight: var(--fontWeight); letter-spacing: var(--letterSpacing); text-transform: var(--textTransform); transition: var(--transition); text-align: center;\" href=\"mailto:ptchit.poland@gmail.com\" target=\"_blank\" rel=\"noopener\">ptchit.poland@gmail.com<\/a>.<\/li><\/ul><p>The admission rules as well as the rights and obligations of the members of the Polish Chitin Society are given in\u00a0<a href=\"https:\/\/ptchit.lodz.pl\/en\/statut\/\" target=\"_blank\" rel=\"noopener\">the Statute of PTChit<\/a>.<\/p>\t\t\t\t\t\t\t\t<\/div>\n\t\t\t\t<\/div>\n\t\t\t\t<div class=\"elementor-element elementor-element-b6a9335 elementor-widget elementor-widget-text-editor\" data-id=\"b6a9335\" data-element_type=\"widget\" data-e-type=\"widget\" data-widget_type=\"text-editor.default\">\n\t\t\t\t<div class=\"elementor-widget-container\">\n\t\t\t\t\t\t\t\t\t<p><strong>Amount of the membership fee:<\/strong><\/p><ul><li><span style=\"font-size: inherit; text-align: inherit; background-color: var(--palettecolor6); color: var(--theme-text-color); font-family: var(--fontFamily); font-style: var(--fontStyle, inherit); font-weight: var(--fontWeight); letter-spacing: var(--letterSpacing); text-transform: var(--textTransform);\">full members: 100 PLN\/year<\/span><\/li><li>full members after retirement: 60 PLN\/year<\/li><li>associate members (student, PhD student, foreigner): 60 PLN\/ year<\/li><\/ul><p>The fee should be paid by bank transfer to the bank account,\u00a0<span style=\"font-size: inherit; text-align: inherit; background-color: var(--palettecolor6); color: var(--theme-text-color); font-family: var(--fontFamily); font-style: var(--fontStyle, inherit); font-weight: var(--fontWeight); letter-spacing: var(--letterSpacing); text-transform: var(--textTransform);\">giving the name and surname in the transfer title and the year for which the fee is paid.<\/span><\/p><p><span style=\"text-decoration: underline;\">Bank account number to which membership fees should be paid:<\/span><\/p><p>PKO BP S.A. 5 Oddzia\u0142 \u0141\u00f3d\u017a<br \/>PL 42 1020 3408 0000 4502 0142 9257\u00a0<br \/>BIC (Swift) code: BPKOPLPW<\/p><p><b>Thank you for paying the membership fees on time.<\/b><\/p>\t\t\t\t\t\t\t\t<\/div>\n\t\t\t\t<\/div>\n\t\t\t\t\t<\/div>\n\t\t<\/div>\n\t\t\t\t\t<\/div>\n\t\t<\/section>\n\t\t\t\t\t<\/div>\n\t\t<\/div>\n\t\t\t\t\t<\/div>\n\t\t<\/section>\n\t\t\t\t<\/div>","protected":false},"excerpt":{"rendered":"<p>Cele Statut Cz\u0142onkowie honorowi Formularz cz\u0142onkowski Historia Towarzystwa Hamburger Toggle Menu Formularz cz\u0142onkowski Zapraszamy serdecznie do wst\u0105pienia w szeregi cz\u0142onk\u00f3w Polskiego Towarzystwa Chitynowego.\u00a0 Aby zosta\u0107 cz\u0142onkiem Polskiego Towarzystwa Chitynowego nale\u017cy przys\u0142a\u0107 wype\u0142niony i podpisany formularz zg\u0142oszeniowy. Pobierz formularz cz\u0142onkowski Wysy\u0142k\u0119 mo\u017cna zrealizowa\u0107: drog\u0105 tradycyjn\u0105 (pocztow\u0105) na adres podany w\u00a0danych kontaktowych, drog\u0105 elektroniczn\u0105 na adres e-mail\u00a0ptchit.poland@gmail.com. [&hellip;]<\/p>\n","protected":false},"author":1,"featured_media":0,"parent":0,"menu_order":0,"comment_status":"closed","ping_status":"closed","template":"","meta":{"footnotes":""},"class_list":["post-504","page","type-page","status-publish","hentry"],"blocksy_meta":{"styles_descriptor":{"styles":{"desktop":"","tablet":"","mobile":""},"google_fonts":[],"version":6}},"yoast_head":"<!-- This site is optimized with the Yoast SEO plugin v27.2 - https:\/\/yoast.com\/product\/yoast-seo-wordpress\/ -->\n<title>Formularz cz\u0142onkowski - PTCHIT<\/title>\n<meta name=\"robots\" content=\"index, follow, max-snippet:-1, max-image-preview:large, max-video-preview:-1\" \/>\n<link rel=\"canonical\" href=\"https:\/\/ptchit.lodz.pl\/en\/formularz-czlonkowski\/\" \/>\n<meta name=\"twitter:label1\" content=\"Est. reading time\" \/>\n\t<meta name=\"twitter:data1\" content=\"1 minute\" \/>\n<script type=\"application\/ld+json\" class=\"yoast-schema-graph\">{\"@context\":\"https:\/\/schema.org\",\"@graph\":[{\"@type\":\"WebPage\",\"@id\":\"https:\/\/ptchit.lodz.pl\/formularz-czlonkowski\/\",\"url\":\"https:\/\/ptchit.lodz.pl\/formularz-czlonkowski\/\",\"name\":\"Formularz cz\u0142onkowski - PTCHIT\",\"isPartOf\":{\"@id\":\"https:\/\/ptchit.lodz.pl\/#website\"},\"datePublished\":\"2022-04-01T20:34:39+00:00\",\"dateModified\":\"2025-09-28T16:25:05+00:00\",\"breadcrumb\":{\"@id\":\"https:\/\/ptchit.lodz.pl\/formularz-czlonkowski\/#breadcrumb\"},\"inLanguage\":\"en-US\",\"potentialAction\":[{\"@type\":\"ReadAction\",\"target\":[\"https:\/\/ptchit.lodz.pl\/formularz-czlonkowski\/\"]}]},{\"@type\":\"BreadcrumbList\",\"@id\":\"https:\/\/ptchit.lodz.pl\/formularz-czlonkowski\/#breadcrumb\",\"itemListElement\":[{\"@type\":\"ListItem\",\"position\":1,\"name\":\"Strona g\u0142\u00f3wna\",\"item\":\"https:\/\/ptchit.lodz.pl\/\"},{\"@type\":\"ListItem\",\"position\":2,\"name\":\"Formularz cz\u0142onkowski\"}]},{\"@type\":\"WebSite\",\"@id\":\"https:\/\/ptchit.lodz.pl\/#website\",\"url\":\"https:\/\/ptchit.lodz.pl\/\",\"name\":\"PTCHIT\",\"description\":\"Polskie Towarzystwo Chitynowe\",\"publisher\":{\"@id\":\"https:\/\/ptchit.lodz.pl\/#organization\"},\"alternateName\":\"Polskie Towarzystwo Chitynowe\",\"potentialAction\":[{\"@type\":\"SearchAction\",\"target\":{\"@type\":\"EntryPoint\",\"urlTemplate\":\"https:\/\/ptchit.lodz.pl\/?s={search_term_string}\"},\"query-input\":{\"@type\":\"PropertyValueSpecification\",\"valueRequired\":true,\"valueName\":\"search_term_string\"}}],\"inLanguage\":\"en-US\"},{\"@type\":\"Organization\",\"@id\":\"https:\/\/ptchit.lodz.pl\/#organization\",\"name\":\"Polskie Towarzystwo Chitynowe\",\"alternateName\":\"PTChit\",\"url\":\"https:\/\/ptchit.lodz.pl\/\",\"logo\":{\"@type\":\"ImageObject\",\"inLanguage\":\"en-US\",\"@id\":\"https:\/\/ptchit.lodz.pl\/#\/schema\/logo\/image\/\",\"url\":\"https:\/\/ptchit.lodz.pl\/wp-content\/uploads\/2022\/03\/logo-PTChit.jpg\",\"contentUrl\":\"https:\/\/ptchit.lodz.pl\/wp-content\/uploads\/2022\/03\/logo-PTChit.jpg\",\"width\":1240,\"height\":1240,\"caption\":\"Polskie Towarzystwo Chitynowe\"},\"image\":{\"@id\":\"https:\/\/ptchit.lodz.pl\/#\/schema\/logo\/image\/\"}}]}<\/script>\n<!-- \/ Yoast SEO plugin. -->","yoast_head_json":{"title":"Formularz cz\u0142onkowski - PTCHIT","robots":{"index":"index","follow":"follow","max-snippet":"max-snippet:-1","max-image-preview":"max-image-preview:large","max-video-preview":"max-video-preview:-1"},"canonical":"https:\/\/ptchit.lodz.pl\/en\/formularz-czlonkowski\/","twitter_misc":{"Est. reading time":"1 minute"},"schema":{"@context":"https:\/\/schema.org","@graph":[{"@type":"WebPage","@id":"https:\/\/ptchit.lodz.pl\/formularz-czlonkowski\/","url":"https:\/\/ptchit.lodz.pl\/formularz-czlonkowski\/","name":"Formularz cz\u0142onkowski - PTCHIT","isPartOf":{"@id":"https:\/\/ptchit.lodz.pl\/#website"},"datePublished":"2022-04-01T20:34:39+00:00","dateModified":"2025-09-28T16:25:05+00:00","breadcrumb":{"@id":"https:\/\/ptchit.lodz.pl\/formularz-czlonkowski\/#breadcrumb"},"inLanguage":"en-US","potentialAction":[{"@type":"ReadAction","target":["https:\/\/ptchit.lodz.pl\/formularz-czlonkowski\/"]}]},{"@type":"BreadcrumbList","@id":"https:\/\/ptchit.lodz.pl\/formularz-czlonkowski\/#breadcrumb","itemListElement":[{"@type":"ListItem","position":1,"name":"Strona g\u0142\u00f3wna","item":"https:\/\/ptchit.lodz.pl\/"},{"@type":"ListItem","position":2,"name":"Formularz cz\u0142onkowski"}]},{"@type":"WebSite","@id":"https:\/\/ptchit.lodz.pl\/#website","url":"https:\/\/ptchit.lodz.pl\/","name":"PTCHIT","description":"Polish Chitin Society","publisher":{"@id":"https:\/\/ptchit.lodz.pl\/#organization"},"alternateName":"Polskie Towarzystwo Chitynowe","potentialAction":[{"@type":"SearchAction","target":{"@type":"EntryPoint","urlTemplate":"https:\/\/ptchit.lodz.pl\/?s={search_term_string}"},"query-input":{"@type":"PropertyValueSpecification","valueRequired":true,"valueName":"search_term_string"}}],"inLanguage":"en-US"},{"@type":"Organization","@id":"https:\/\/ptchit.lodz.pl\/#organization","name":"Polish Chitin Society","alternateName":"PTChit","url":"https:\/\/ptchit.lodz.pl\/","logo":{"@type":"ImageObject","inLanguage":"en-US","@id":"https:\/\/ptchit.lodz.pl\/#\/schema\/logo\/image\/","url":"https:\/\/ptchit.lodz.pl\/wp-content\/uploads\/2022\/03\/logo-PTChit.jpg","contentUrl":"https:\/\/ptchit.lodz.pl\/wp-content\/uploads\/2022\/03\/logo-PTChit.jpg","width":1240,"height":1240,"caption":"Polskie Towarzystwo Chitynowe"},"image":{"@id":"https:\/\/ptchit.lodz.pl\/#\/schema\/logo\/image\/"}}]}},"_links":{"self":[{"href":"https:\/\/ptchit.lodz.pl\/en\/wp-json\/wp\/v2\/pages\/504","targetHints":{"allow":["GET"]}}],"collection":[{"href":"https:\/\/ptchit.lodz.pl\/en\/wp-json\/wp\/v2\/pages"}],"about":[{"href":"https:\/\/ptchit.lodz.pl\/en\/wp-json\/wp\/v2\/types\/page"}],"author":[{"embeddable":true,"href":"https:\/\/ptchit.lodz.pl\/en\/wp-json\/wp\/v2\/users\/1"}],"replies":[{"embeddable":true,"href":"https:\/\/ptchit.lodz.pl\/en\/wp-json\/wp\/v2\/comments?post=504"}],"version-history":[{"count":91,"href":"https:\/\/ptchit.lodz.pl\/en\/wp-json\/wp\/v2\/pages\/504\/revisions"}],"predecessor-version":[{"id":4740,"href":"https:\/\/ptchit.lodz.pl\/en\/wp-json\/wp\/v2\/pages\/504\/revisions\/4740"}],"wp:attachment":[{"href":"https:\/\/ptchit.lodz.pl\/en\/wp-json\/wp\/v2\/media?parent=504"}],"curies":[{"name":"wp","href":"https:\/\/api.w.org\/{rel}","templated":true}]}}