{"id":449,"date":"2022-03-28T13:29:36","date_gmt":"2022-03-28T11:29:36","guid":{"rendered":"http:\/\/ptchit.lodz.pl\/?page_id=449"},"modified":"2022-05-12T11:10:58","modified_gmt":"2022-05-12T09:10:58","slug":"nagroda-im-prof-henryka-struszczyka","status":"publish","type":"page","link":"https:\/\/ptchit.lodz.pl\/en\/nagroda-im-prof-henryka-struszczyka\/","title":{"rendered":"Prof. Henryk Struszczyk Award"},"content":{"rendered":"<div data-elementor-type=\"wp-page\" data-elementor-id=\"449\" class=\"elementor elementor-449\">\n\t\t\t\t\t\t<section class=\"elementor-section elementor-top-section elementor-element elementor-element-1d3551f3 elementor-section-boxed elementor-section-height-default elementor-section-height-default\" data-id=\"1d3551f3\" data-element_type=\"section\" data-e-type=\"section\">\n\t\t\t\t\t\t<div class=\"elementor-container elementor-column-gap-default\">\n\t\t\t\t\t<div class=\"elementor-column elementor-col-50 elementor-top-column elementor-element elementor-element-c3ba175\" data-id=\"c3ba175\" data-element_type=\"column\" data-e-type=\"column\">\n\t\t\t<div class=\"elementor-widget-wrap elementor-element-populated\">\n\t\t\t\t\t\t<div class=\"elementor-element elementor-element-29e16f5 eael_simple_menu_hamburger_disable_selected_menu_no eael-simple-menu-hamburger-align-right eael-hamburger--tablet elementor-widget elementor-widget-eael-simple-menu\" data-id=\"29e16f5\" data-element_type=\"widget\" data-e-type=\"widget\" data-widget_type=\"eael-simple-menu.default\">\n\t\t\t\t<div class=\"elementor-widget-container\">\n\t\t\t\t\t<style>\n                        @media screen and (max-width: 1024px) {\n                            .eael-hamburger--tablet {\n                                .eael-simple-menu-horizontal,\n                                .eael-simple-menu-vertical {\n                                    display: none;\n                                }\n                            }\n                            .eael-hamburger--tablet {\n                                .eael-simple-menu-container .eael-simple-menu-toggle {\n                                    display: block;\n                                }\n                            }\n                        }\n                    <\/style>            <div data-hamburger-icon=\"&lt;i aria-hidden=&quot;true&quot; class=&quot;fas fa-bars&quot;&gt;&lt;\/i&gt;\" data-indicator-icon=\"&lt;i aria-hidden=&quot;true&quot; class=&quot;fas fa-angle-down&quot;&gt;&lt;\/i&gt;\" data-dropdown-indicator-icon=\"&lt;i class=&quot;fas fa-angle-down&quot;&gt;&lt;\/i&gt;\" class=\"eael-simple-menu-container eael-simple-menu-align-left eael-simple-menu-dropdown-align-left preset-2\" data-hamburger-breakpoints=\"{&quot;mobile&quot;:&quot;Mobile Portrait (&gt; 767px)&quot;,&quot;tablet&quot;:&quot;Tablet Portrait (&gt; 1024px)&quot;,&quot;desktop&quot;:&quot;Desktop (&gt; 2400px)&quot;,&quot;none&quot;:&quot;None&quot;}\" data-hamburger-device=\"tablet\">\n                <ul id=\"menu-nagrody-im-prof-henryka-struszczyka\" class=\"eael-simple-menu eael-simple-menu-dropdown-animate-to-top eael-simple-menu-indicator eael-simple-menu-vertical\"><li id=\"menu-item-621\" class=\"menu-item menu-item-type-post_type menu-item-object-post menu-item-621\"><a href=\"https:\/\/ptchit.lodz.pl\/en\/2022\/03\/28\/regulamin\/\">Statute<\/a><\/li>\n<li id=\"menu-item-4767\" class=\"menu-item menu-item-type-post_type menu-item-object-post menu-item-4767\"><a href=\"https:\/\/ptchit.lodz.pl\/en\/2025\/09\/28\/nagrody-w-poznaniu-rok-2022-copy\/\">Nagrody w \u0141odzi (rok 2025)<\/a><\/li>\n<li id=\"menu-item-4755\" class=\"menu-item menu-item-type-post_type menu-item-object-post menu-item-4755\"><a href=\"https:\/\/ptchit.lodz.pl\/en\/2025\/09\/28\/nagrody-w-olsztynie-rok-2024\/\">Nagrody w Olsztynie (rok 2024)<\/a><\/li>\n<li id=\"menu-item-4074\" class=\"menu-item menu-item-type-post_type menu-item-object-post menu-item-4074\"><a href=\"https:\/\/ptchit.lodz.pl\/en\/2023\/10\/14\/nagrody-w-gdansku-rok-2023\/\">Awards in Gda\u0144sk (2023)<\/a><\/li>\n<li id=\"menu-item-2797\" class=\"menu-item menu-item-type-post_type menu-item-object-post menu-item-2797\"><a href=\"https:\/\/ptchit.lodz.pl\/en\/2022\/09\/23\/nagrody-w-poznaniu-rok-2022\/\">Awards in Pozna\u0144 (2022)<\/a><\/li>\n<li id=\"menu-item-619\" class=\"menu-item menu-item-type-post_type menu-item-object-post menu-item-619\"><a href=\"https:\/\/ptchit.lodz.pl\/en\/2022\/04\/05\/nagrody-w-rok-2021\/\">Awards in (2021)<\/a><\/li>\n<li id=\"menu-item-620\" class=\"menu-item menu-item-type-post_type menu-item-object-post menu-item-620\"><a href=\"https:\/\/ptchit.lodz.pl\/en\/2022\/04\/05\/nagrody-w-rok-2019\/\">Awards in (2019)<\/a><\/li>\n<li id=\"menu-item-627\" class=\"menu-item menu-item-type-post_type menu-item-object-post menu-item-627\"><a href=\"https:\/\/ptchit.lodz.pl\/en\/2022\/03\/28\/nagroda-w-tyncu-rok-2018\/\">Awards in Tyniec (2018)<\/a><\/li>\n<li id=\"menu-item-626\" class=\"menu-item menu-item-type-post_type menu-item-object-post menu-item-626\"><a href=\"https:\/\/ptchit.lodz.pl\/en\/2022\/03\/28\/nagrody-w-walbrzychu-rok-2017\/\">Awards in Wa\u0142brzych (2017)<\/a><\/li>\n<li id=\"menu-item-625\" class=\"menu-item menu-item-type-post_type menu-item-object-post menu-item-625\"><a href=\"https:\/\/ptchit.lodz.pl\/en\/2022\/03\/28\/nagrody-w-malborku-rok-2016\/\">Awards in Malbork (2016)<\/a><\/li>\n<li id=\"menu-item-624\" class=\"menu-item menu-item-type-post_type menu-item-object-post menu-item-624\"><a href=\"https:\/\/ptchit.lodz.pl\/en\/2022\/03\/28\/nagrody-w-szczecinie-rok-2015\/\">Awards in Szczecin (2015)<\/a><\/li>\n<li id=\"menu-item-623\" class=\"menu-item menu-item-type-post_type menu-item-object-post menu-item-623\"><a href=\"https:\/\/ptchit.lodz.pl\/en\/2022\/03\/28\/nagrody-w-lodzi-rok-2014\/\">Awards in \u0141\u00f3d\u017a (2014)<\/a><\/li>\n<li id=\"menu-item-622\" class=\"menu-item menu-item-type-post_type menu-item-object-post menu-item-622\"><a href=\"https:\/\/ptchit.lodz.pl\/en\/2022\/03\/28\/nagrody-w-zywcu-rok-2013\/\">Awards in \u017bywiec (2013)<\/a><\/li>\n<\/ul>                <button class=\"eael-simple-menu-toggle\">\n                    <span class=\"sr-only\">Hamburger Toggle Menu<\/span>\n                    <i aria-hidden=\"true\" class=\"fas fa-bars\"><\/i>                <\/button>\n            <\/div>\n            \t\t\t\t<\/div>\n\t\t\t\t<\/div>\n\t\t\t\t\t<\/div>\n\t\t<\/div>\n\t\t\t\t<div class=\"elementor-column elementor-col-50 elementor-top-column elementor-element elementor-element-65c67e19\" data-id=\"65c67e19\" data-element_type=\"column\" data-e-type=\"column\">\n\t\t\t<div class=\"elementor-widget-wrap elementor-element-populated\">\n\t\t\t\t\t\t<div class=\"elementor-element elementor-element-5685f57 elementor-widget elementor-widget-heading\" data-id=\"5685f57\" data-element_type=\"widget\" data-e-type=\"widget\" data-widget_type=\"heading.default\">\n\t\t\t\t<div class=\"elementor-widget-container\">\n\t\t\t\t\t<h2 class=\"elementor-heading-title elementor-size-default\">Prof. Henryk Struszczyk Prize<\/h2>\t\t\t\t<\/div>\n\t\t\t\t<\/div>\n\t\t\t\t<div class=\"elementor-element elementor-element-2df3d275 elementor-widget elementor-widget-text-editor\" data-id=\"2df3d275\" data-element_type=\"widget\" data-e-type=\"widget\" data-widget_type=\"text-editor.default\">\n\t\t\t\t<div class=\"elementor-widget-container\">\n\t\t\t\t\t\t\t\t\t<p><\/p>\n<p>Starting from 2013, the Polish Chitin Society awards annually the Prof. Henryk Struszczyk Prize for outstanding achievements in the research and application of chitin and its derivatives.<\/p>\n<p><\/p>\n<p><\/p>\n<p>Persons wishing to apply for the Prize are requested to send the required documents by e-mail (<a href=\"https:\/\/ptchit.lodz.pl\/en\/2022\/03\/28\/regulamin\/\" target=\"_blank\" rel=\"noopener\">Prize Statue<\/a>, point 5) to the e-mail address of the President of PTChit, Dr. Katarzyna Struszczyk-\u015awita (<a style=\"font-size: inherit; text-align: inherit; font-family: var(--fontFamily); font-style: var(--fontStyle, inherit); font-weight: var(--fontWeight); letter-spacing: var(--letterSpacing); text-transform: var(--textTransform); transition: var(--transition);\" href=\"mailto:katarzyna.struszczyk@p.lodz.pl\">katarzyna.struszczyk@p.lodz.pl<\/a><span style=\"font-size: inherit; text-align: inherit; background-color: var(--palettecolor6); color: var(--theme-text-color); font-family: var(--fontFamily); font-style: var(--fontStyle, inherit); font-weight: var(--fontWeight); letter-spacing: var(--letterSpacing); text-transform: var(--textTransform);\">).\u00a0<\/span><\/p>\n<p><span style=\"font-size: inherit; text-align: inherit; background-color: var(--palettecolor6); color: var(--theme-text-color); font-family: var(--fontFamily); font-style: var(--fontStyle, inherit); font-weight: var(--fontWeight); letter-spacing: var(--letterSpacing); text-transform: var(--textTransform);\">The deadline for applying for the Award in a given year is June 30.<\/span><\/p>\n<p><\/p>\t\t\t\t\t\t\t\t<\/div>\n\t\t\t\t<\/div>\n\t\t\t\t\t<\/div>\n\t\t<\/div>\n\t\t\t\t\t<\/div>\n\t\t<\/section>\n\t\t\t\t<\/div>","protected":false},"excerpt":{"rendered":"<p>Regulamin Nagrody w (rok 2021) Nagrody w (rok 2019) Nagrody w Ty\u0144cu (rok 2018) Nagrody w Wa\u0142brzychu (rok 2017) Nagrody w Malborku (rok 2016) Nagrody w Szczecinie (rok 2015) Nagrody w \u0141odzi (rok 2014) Nagrody w \u017bywcu (rok 2013) Nagroda im. prof. Henryka Struszczyka Poczynaj\u0105c od 2013 roku Polskie Towarzystwo Chitynowe przyznaje corocznie Nagrod\u0119 im. [&hellip;]<\/p>\n","protected":false},"author":1,"featured_media":0,"parent":0,"menu_order":0,"comment_status":"closed","ping_status":"closed","template":"","meta":{"footnotes":""},"class_list":["post-449","page","type-page","status-publish","hentry"],"blocksy_meta":{"styles_descriptor":{"styles":{"desktop":"","tablet":"","mobile":""},"google_fonts":[],"version":6}},"yoast_head":"<!-- This site is optimized with the Yoast SEO plugin v27.2 - https:\/\/yoast.com\/product\/yoast-seo-wordpress\/ -->\n<title>Nagroda im. Prof. Henryka Struszczyka - PTCHIT<\/title>\n<meta name=\"robots\" content=\"index, follow, max-snippet:-1, max-image-preview:large, max-video-preview:-1\" \/>\n<link rel=\"canonical\" href=\"https:\/\/ptchit.lodz.pl\/en\/nagroda-im-prof-henryka-struszczyka\/\" \/>\n<meta name=\"twitter:label1\" content=\"Est. reading time\" \/>\n\t<meta name=\"twitter:data1\" content=\"1 minute\" \/>\n<script type=\"application\/ld+json\" class=\"yoast-schema-graph\">{\"@context\":\"https:\/\/schema.org\",\"@graph\":[{\"@type\":\"WebPage\",\"@id\":\"https:\/\/ptchit.lodz.pl\/nagroda-im-prof-henryka-struszczyka\/\",\"url\":\"https:\/\/ptchit.lodz.pl\/nagroda-im-prof-henryka-struszczyka\/\",\"name\":\"Nagroda im. Prof. Henryka Struszczyka - PTCHIT\",\"isPartOf\":{\"@id\":\"https:\/\/ptchit.lodz.pl\/#website\"},\"datePublished\":\"2022-03-28T11:29:36+00:00\",\"dateModified\":\"2022-05-12T09:10:58+00:00\",\"breadcrumb\":{\"@id\":\"https:\/\/ptchit.lodz.pl\/nagroda-im-prof-henryka-struszczyka\/#breadcrumb\"},\"inLanguage\":\"en-US\",\"potentialAction\":[{\"@type\":\"ReadAction\",\"target\":[\"https:\/\/ptchit.lodz.pl\/nagroda-im-prof-henryka-struszczyka\/\"]}]},{\"@type\":\"BreadcrumbList\",\"@id\":\"https:\/\/ptchit.lodz.pl\/nagroda-im-prof-henryka-struszczyka\/#breadcrumb\",\"itemListElement\":[{\"@type\":\"ListItem\",\"position\":1,\"name\":\"Strona g\u0142\u00f3wna\",\"item\":\"https:\/\/ptchit.lodz.pl\/\"},{\"@type\":\"ListItem\",\"position\":2,\"name\":\"Nagroda im. Prof. Henryka Struszczyka\"}]},{\"@type\":\"WebSite\",\"@id\":\"https:\/\/ptchit.lodz.pl\/#website\",\"url\":\"https:\/\/ptchit.lodz.pl\/\",\"name\":\"PTCHIT\",\"description\":\"Polskie Towarzystwo Chitynowe\",\"publisher\":{\"@id\":\"https:\/\/ptchit.lodz.pl\/#organization\"},\"alternateName\":\"Polskie Towarzystwo Chitynowe\",\"potentialAction\":[{\"@type\":\"SearchAction\",\"target\":{\"@type\":\"EntryPoint\",\"urlTemplate\":\"https:\/\/ptchit.lodz.pl\/?s={search_term_string}\"},\"query-input\":{\"@type\":\"PropertyValueSpecification\",\"valueRequired\":true,\"valueName\":\"search_term_string\"}}],\"inLanguage\":\"en-US\"},{\"@type\":\"Organization\",\"@id\":\"https:\/\/ptchit.lodz.pl\/#organization\",\"name\":\"Polskie Towarzystwo Chitynowe\",\"alternateName\":\"PTChit\",\"url\":\"https:\/\/ptchit.lodz.pl\/\",\"logo\":{\"@type\":\"ImageObject\",\"inLanguage\":\"en-US\",\"@id\":\"https:\/\/ptchit.lodz.pl\/#\/schema\/logo\/image\/\",\"url\":\"https:\/\/ptchit.lodz.pl\/wp-content\/uploads\/2022\/03\/logo-PTChit.jpg\",\"contentUrl\":\"https:\/\/ptchit.lodz.pl\/wp-content\/uploads\/2022\/03\/logo-PTChit.jpg\",\"width\":1240,\"height\":1240,\"caption\":\"Polskie Towarzystwo Chitynowe\"},\"image\":{\"@id\":\"https:\/\/ptchit.lodz.pl\/#\/schema\/logo\/image\/\"}}]}<\/script>\n<!-- \/ Yoast SEO plugin. -->","yoast_head_json":{"title":"Nagroda im. Prof. Henryka Struszczyka - PTCHIT","robots":{"index":"index","follow":"follow","max-snippet":"max-snippet:-1","max-image-preview":"max-image-preview:large","max-video-preview":"max-video-preview:-1"},"canonical":"https:\/\/ptchit.lodz.pl\/en\/nagroda-im-prof-henryka-struszczyka\/","twitter_misc":{"Est. reading time":"1 minute"},"schema":{"@context":"https:\/\/schema.org","@graph":[{"@type":"WebPage","@id":"https:\/\/ptchit.lodz.pl\/nagroda-im-prof-henryka-struszczyka\/","url":"https:\/\/ptchit.lodz.pl\/nagroda-im-prof-henryka-struszczyka\/","name":"Nagroda im. Prof. Henryka Struszczyka - PTCHIT","isPartOf":{"@id":"https:\/\/ptchit.lodz.pl\/#website"},"datePublished":"2022-03-28T11:29:36+00:00","dateModified":"2022-05-12T09:10:58+00:00","breadcrumb":{"@id":"https:\/\/ptchit.lodz.pl\/nagroda-im-prof-henryka-struszczyka\/#breadcrumb"},"inLanguage":"en-US","potentialAction":[{"@type":"ReadAction","target":["https:\/\/ptchit.lodz.pl\/nagroda-im-prof-henryka-struszczyka\/"]}]},{"@type":"BreadcrumbList","@id":"https:\/\/ptchit.lodz.pl\/nagroda-im-prof-henryka-struszczyka\/#breadcrumb","itemListElement":[{"@type":"ListItem","position":1,"name":"Strona g\u0142\u00f3wna","item":"https:\/\/ptchit.lodz.pl\/"},{"@type":"ListItem","position":2,"name":"Nagroda im. Prof. Henryka Struszczyka"}]},{"@type":"WebSite","@id":"https:\/\/ptchit.lodz.pl\/#website","url":"https:\/\/ptchit.lodz.pl\/","name":"PTCHIT","description":"Polish Chitin Society","publisher":{"@id":"https:\/\/ptchit.lodz.pl\/#organization"},"alternateName":"Polskie Towarzystwo Chitynowe","potentialAction":[{"@type":"SearchAction","target":{"@type":"EntryPoint","urlTemplate":"https:\/\/ptchit.lodz.pl\/?s={search_term_string}"},"query-input":{"@type":"PropertyValueSpecification","valueRequired":true,"valueName":"search_term_string"}}],"inLanguage":"en-US"},{"@type":"Organization","@id":"https:\/\/ptchit.lodz.pl\/#organization","name":"Polish Chitin Society","alternateName":"PTChit","url":"https:\/\/ptchit.lodz.pl\/","logo":{"@type":"ImageObject","inLanguage":"en-US","@id":"https:\/\/ptchit.lodz.pl\/#\/schema\/logo\/image\/","url":"https:\/\/ptchit.lodz.pl\/wp-content\/uploads\/2022\/03\/logo-PTChit.jpg","contentUrl":"https:\/\/ptchit.lodz.pl\/wp-content\/uploads\/2022\/03\/logo-PTChit.jpg","width":1240,"height":1240,"caption":"Polskie Towarzystwo Chitynowe"},"image":{"@id":"https:\/\/ptchit.lodz.pl\/#\/schema\/logo\/image\/"}}]}},"_links":{"self":[{"href":"https:\/\/ptchit.lodz.pl\/en\/wp-json\/wp\/v2\/pages\/449","targetHints":{"allow":["GET"]}}],"collection":[{"href":"https:\/\/ptchit.lodz.pl\/en\/wp-json\/wp\/v2\/pages"}],"about":[{"href":"https:\/\/ptchit.lodz.pl\/en\/wp-json\/wp\/v2\/types\/page"}],"author":[{"embeddable":true,"href":"https:\/\/ptchit.lodz.pl\/en\/wp-json\/wp\/v2\/users\/1"}],"replies":[{"embeddable":true,"href":"https:\/\/ptchit.lodz.pl\/en\/wp-json\/wp\/v2\/comments?post=449"}],"version-history":[{"count":11,"href":"https:\/\/ptchit.lodz.pl\/en\/wp-json\/wp\/v2\/pages\/449\/revisions"}],"predecessor-version":[{"id":1961,"href":"https:\/\/ptchit.lodz.pl\/en\/wp-json\/wp\/v2\/pages\/449\/revisions\/1961"}],"wp:attachment":[{"href":"https:\/\/ptchit.lodz.pl\/en\/wp-json\/wp\/v2\/media?parent=449"}],"curies":[{"name":"wp","href":"https:\/\/api.w.org\/{rel}","templated":true}]}}