{"id":389,"date":"2022-03-28T11:52:35","date_gmt":"2022-03-28T09:52:35","guid":{"rendered":"http:\/\/ptchit.lodz.pl\/?page_id=389"},"modified":"2026-04-03T14:34:51","modified_gmt":"2026-04-03T12:34:51","slug":"aktualnosci-polskiego-towarzystwa-chitynowego","status":"publish","type":"page","link":"https:\/\/ptchit.lodz.pl\/en\/","title":{"rendered":"News"},"content":{"rendered":"<div data-elementor-type=\"wp-page\" data-elementor-id=\"389\" class=\"elementor elementor-389\">\n\t\t\t\t\t\t<section class=\"elementor-section elementor-top-section elementor-element elementor-element-c5a9f10 elementor-section-boxed elementor-section-height-default elementor-section-height-default\" data-id=\"c5a9f10\" data-element_type=\"section\" data-e-type=\"section\">\n\t\t\t\t\t\t<div class=\"elementor-container elementor-column-gap-default\">\n\t\t\t\t\t<div class=\"elementor-column elementor-col-50 elementor-top-column elementor-element elementor-element-1aa61d7\" data-id=\"1aa61d7\" data-element_type=\"column\" data-e-type=\"column\">\n\t\t\t<div class=\"elementor-widget-wrap elementor-element-populated\">\n\t\t\t\t\t\t<div class=\"elementor-element elementor-element-75eedd4 eael_simple_menu_hamburger_disable_selected_menu_no eael-simple-menu-hamburger-align-right eael-hamburger--tablet elementor-widget elementor-widget-eael-simple-menu\" data-id=\"75eedd4\" data-element_type=\"widget\" data-e-type=\"widget\" data-widget_type=\"eael-simple-menu.default\">\n\t\t\t\t<div class=\"elementor-widget-container\">\n\t\t\t\t\t<style>\n                        @media screen and (max-width: 1024px) {\n                            .eael-hamburger--tablet {\n                                .eael-simple-menu-horizontal,\n                                .eael-simple-menu-vertical {\n                                    display: none;\n                                }\n                            }\n                            .eael-hamburger--tablet {\n                                .eael-simple-menu-container .eael-simple-menu-toggle {\n                                    display: block;\n                                }\n                            }\n                        }\n                    <\/style>            <div data-hamburger-icon=\"&lt;i aria-hidden=&quot;true&quot; class=&quot;fas fa-bars&quot;&gt;&lt;\/i&gt;\" data-indicator-icon=\"&lt;i aria-hidden=&quot;true&quot; class=&quot;fas fa-angle-down&quot;&gt;&lt;\/i&gt;\" data-dropdown-indicator-icon=\"&lt;i class=&quot;fas fa-angle-down&quot;&gt;&lt;\/i&gt;\" class=\"eael-simple-menu-container eael-simple-menu-align-left eael-simple-menu-dropdown-align-left preset-2\" data-hamburger-breakpoints=\"{&quot;mobile&quot;:&quot;Mobile Portrait (&gt; 767px)&quot;,&quot;tablet&quot;:&quot;Tablet Portrait (&gt; 1024px)&quot;,&quot;desktop&quot;:&quot;Desktop (&gt; 2400px)&quot;,&quot;none&quot;:&quot;None&quot;}\" data-hamburger-device=\"tablet\">\n                <ul id=\"menu-aktualnosci\" class=\"eael-simple-menu eael-simple-menu-dropdown-animate-to-top eael-simple-menu-indicator eael-simple-menu-vertical\"><li id=\"menu-item-2886\" class=\"menu-item menu-item-type-post_type menu-item-object-page menu-item-2886\"><a href=\"https:\/\/ptchit.lodz.pl\/en\/archiwum-aktualnosci\/\">News archive<\/a><\/li>\n<\/ul>                <button class=\"eael-simple-menu-toggle\">\n                    <span class=\"sr-only\">Hamburger Toggle Menu<\/span>\n                    <i aria-hidden=\"true\" class=\"fas fa-bars\"><\/i>                <\/button>\n            <\/div>\n            \t\t\t\t<\/div>\n\t\t\t\t<\/div>\n\t\t\t\t\t<\/div>\n\t\t<\/div>\n\t\t\t\t<div class=\"elementor-column elementor-col-50 elementor-top-column elementor-element elementor-element-75ed385\" data-id=\"75ed385\" data-element_type=\"column\" data-e-type=\"column\">\n\t\t\t<div class=\"elementor-widget-wrap elementor-element-populated\">\n\t\t\t\t\t\t<div class=\"elementor-element elementor-element-95d65de elementor-widget__width-initial elementor-widget elementor-widget-image\" data-id=\"95d65de\" data-element_type=\"widget\" data-e-type=\"widget\" data-widget_type=\"image.default\">\n\t\t\t\t<div class=\"elementor-widget-container\">\n\t\t\t\t\t\t\t\t\t\t\t\t\t\t\t<img decoding=\"async\" src=\"https:\/\/ptchit.lodz.pl\/wp-content\/uploads\/2026\/%C5%BByczenia.png\" title=\"\" alt=\"\u017byczenia z okazji \u015awi\u0105t Wielkiej Nocy 2026\" loading=\"lazy\" \/>\t\t\t\t\t\t\t\t\t\t\t\t\t\t\t<\/div>\n\t\t\t\t<\/div>\n\t\t\t\t<div class=\"elementor-element elementor-element-ca7ac4b elementor-widget__width-initial elementor-widget elementor-widget-text-editor\" data-id=\"ca7ac4b\" data-element_type=\"widget\" data-e-type=\"widget\" data-widget_type=\"text-editor.default\">\n\t\t\t\t<div class=\"elementor-widget-container\">\n\t\t\t\t\t\t\t\t\t<p style=\"text-align: center;\"><strong><span style=\"text-decoration: underline;\"><span style=\"font-size: inherit; text-align: inherit; background-color: var(--palettecolor6); color: var(--theme-text-color); font-family: var(--fontFamily); font-style: var(--fontStyle, inherit); letter-spacing: var(--letterSpacing); text-transform: var(--textTransform); text-decoration: underline;\">Invitation to publish in the XXXI issue of the PCACD Journal<\/span><\/span><\/strong><\/p><p><span style=\"font-size: inherit; text-align: inherit; background-color: var(--palettecolor6); color: var(--theme-text-color); font-family: var(--fontFamily); font-style: var(--fontStyle, inherit); font-weight: var(--fontWeight); letter-spacing: var(--letterSpacing); text-transform: var(--textTransform);\">Polish Chitin Society was established in 1993, and since that time, it has supported knowledge exchange among scientists engaged in <\/span><span style=\"font-size: inherit; text-align: inherit; background-color: var(--palettecolor6); color: var(--theme-text-color); font-family: var(--fontFamily); font-style: var(--fontStyle, inherit); letter-spacing: var(--letterSpacing); text-transform: var(--textTransform);\"><b>chitin\/chitosan research<\/b><\/span><span style=\"font-size: inherit; text-align: inherit; background-color: var(--palettecolor6); color: var(--theme-text-color); font-family: var(--fontFamily); font-style: var(--fontStyle, inherit); font-weight: var(--fontWeight); letter-spacing: var(--letterSpacing); text-transform: var(--textTransform);\">.<\/span><\/p><p>Since the beginning of its activity, PChS has edited a journal <b>\u201eProgress on Chemistry and Application of Chitin and its Derivatives\u201d (PCACD)<\/b> as an annual (published in September\/October). All issues of the journal are available in <b>open-access <\/b>at our\u00a0<a href=\"https:\/\/ptchit.lodz.pl\/en\/2022\/03\/11\/o-czasopismie\/\" target=\"_blank\" rel=\"noopener\">website<\/a>.\u00a0<span style=\"font-size: inherit; text-align: inherit; background-color: var(--palettecolor6); color: var(--theme-text-color); font-family: var(--fontFamily); font-style: var(--fontStyle, inherit); font-weight: var(--fontWeight); letter-spacing: var(--letterSpacing); text-transform: var(--textTransform);\">The journal is indexed by SCOPUS, CAS, DOI, EBSCO, and WoS (Emerging Sources Citation Index) and has an <\/span><span style=\"font-size: inherit; text-align: inherit; background-color: var(--palettecolor6); color: var(--theme-text-color); font-family: var(--fontFamily); font-style: var(--fontStyle, inherit); letter-spacing: var(--letterSpacing); text-transform: var(--textTransform);\"><b>IF 0,9<\/b><\/span><span style=\"font-size: inherit; text-align: inherit; background-color: var(--palettecolor6); color: var(--theme-text-color); font-family: var(--fontFamily); font-style: var(--fontStyle, inherit); font-weight: var(--fontWeight); letter-spacing: var(--letterSpacing); text-transform: var(--textTransform);\">.<\/span><\/p><p><span style=\"color: #ff0000;\"><b>I would like to encourage you to submit papers in PCACD (free of charge). <\/b><\/span><span style=\"color: #ff0000;\"><b>Regular papers, and reviews are welcome.<\/b><\/span><\/p><p>The deadline for submitting for the XXXI volume (2026) is <b>16th March 2026.<\/b><\/p><p>You will find the guidelines for manuscript preparation, with journal template, on our website: <a href=\"https:\/\/ptchit.lodz.pl\/en\/pl\/2022\/03\/11\/informacje-dla-autorow\/\" target=\"_blank\" rel=\"noopener\">CLICK<\/a>.\u00a0<\/p><p>Manuscripts should be sent to the following e-mail address:<br \/><a style=\"font-size: inherit; text-align: inherit; background-color: var(--palettecolor6); font-family: var(--fontFamily); font-style: var(--fontStyle, inherit); font-weight: var(--fontWeight); letter-spacing: var(--letterSpacing); text-transform: var(--textTransform);\" href=\"mailto:mgd@umk.pl\" target=\"_blank\" rel=\"noopener\">mgd@umk.pl<\/a><span style=\"font-size: inherit; text-align: inherit; background-color: var(--palettecolor6); color: var(--theme-text-color); font-family: var(--fontFamily); font-style: var(--fontStyle, inherit); font-weight: var(--fontWeight); letter-spacing: var(--letterSpacing); text-transform: var(--textTransform);\">\u00a0OR\u00a0<\/span><a href=\"mailto:magdalena.gierszewska.d@gmail.com\" target=\"_blank\" rel=\"noopener\">magdalena.gierszewska.d@gmail.com<\/a><a style=\"font-size: var(--fontSize); text-align: inherit; font-family: var(--fontFamily); font-style: var(--fontStyle, inherit); font-weight: var(--fontWeight); letter-spacing: var(--letterSpacing); text-transform: var(--textTransform); background-color: var(--palettecolor6);\" href=\"mailto:mgd@umk.pl\" target=\"_blank\" rel=\"noopener\">.<\/a><\/p>\t\t\t\t\t\t\t\t<\/div>\n\t\t\t\t<\/div>\n\t\t\t\t<div class=\"elementor-element elementor-element-7c274ac elementor-widget__width-initial elementor-widget elementor-widget-text-editor\" data-id=\"7c274ac\" data-element_type=\"widget\" data-e-type=\"widget\" data-widget_type=\"text-editor.default\">\n\t\t\t\t<div class=\"elementor-widget-container\">\n\t\t\t\t\t\t\t\t\t<p><img fetchpriority=\"high\" decoding=\"async\" class=\"aligncenter size-medium wp-image-4834\" src=\"https:\/\/ptchit.lodz.pl\/wp-content\/uploads\/2025\/12\/MerryChristmas2025-1-300x200.png\" alt=\"Weso\u0142ych \u015awi\u0105t Bo\u017cego Narodzenia\" width=\"300\" height=\"200\" srcset=\"https:\/\/ptchit.lodz.pl\/wp-content\/uploads\/2025\/12\/MerryChristmas2025-1-300x200.png 300w, https:\/\/ptchit.lodz.pl\/wp-content\/uploads\/2025\/12\/MerryChristmas2025-1-18x12.png 18w, https:\/\/ptchit.lodz.pl\/wp-content\/uploads\/2025\/12\/MerryChristmas2025-1.png 600w\" sizes=\"(max-width: 300px) 100vw, 300px\" \/><\/p><p style=\"text-align: center;\"><span style=\"color: #0000ff;\"><strong>Dear Colleagues,<\/strong><\/span><\/p><p style=\"text-align: center;\">as Christmas approaches, we would like to extend our warmest wishes of health, peace, and joy. May this special season bring you rest and renewal, and may the New Year bring inspiration, prosperity, and many achievements in your scientific and professional endeavors.<\/p><p style=\"text-align: center;\">We wish you a prosperous and inspiring year 2026, filled with scientific and professional successes, creative energy, and satisfaction in all your undertakings.<br \/>Thank you for your continued activity, dedication, and valuable contribution to the development of our scientific community.<\/p><p style=\"text-align: center;\"><span style=\"color: #0000ff;\">The Board of the Polish Chitin Society<\/span><\/p>\t\t\t\t\t\t\t\t<\/div>\n\t\t\t\t<\/div>\n\t\t\t\t<div class=\"elementor-element elementor-element-2855ffa elementor-widget__width-initial elementor-widget elementor-widget-text-editor\" data-id=\"2855ffa\" data-element_type=\"widget\" data-e-type=\"widget\" data-widget_type=\"text-editor.default\">\n\t\t\t\t<div class=\"elementor-widget-container\">\n\t\t\t\t\t\t\t\t\t<p style=\"text-align: center;\"><strong><span style=\"color: #0000ff;\">INFORMATION: GENERAL ASSEMBLE OF MEMBERS\u00a0<\/span>\u00a0<\/strong><\/p><p style=\"text-align: left;\">Please be advised that the General Assemble of Members of the Polish Chitin Society will be held on <strong>September 26, 2025<\/strong> (Friday) at 9:00 am at <a href=\"https:\/\/all.accor.com\/hotel\/3096\/index.pl.shtml\" target=\"_blank\" rel=\"noopener\"><strong>Hotelu IBIS<\/strong><\/a>\u00a0(al. marsz. J\u00f3zefa Pi\u0142sudskiego 11) <strong>in \u0141\u00f3d\u017a.<\/strong><\/p>\t\t\t\t\t\t\t\t<\/div>\n\t\t\t\t<\/div>\n\t\t\t\t<div class=\"elementor-element elementor-element-95e8258 elementor-widget__width-initial elementor-widget elementor-widget-text-editor\" data-id=\"95e8258\" data-element_type=\"widget\" data-e-type=\"widget\" data-widget_type=\"text-editor.default\">\n\t\t\t\t<div class=\"elementor-widget-container\">\n\t\t\t\t\t\t\t\t\t<p>Polskie Towarzystwo Chitynowe ma ogromn\u0105 przyjemno\u015b\u0107 poinformowa\u0107, i\u017c Impact Factor (IF) czasopisma &#8222;<em>Progress on Chemistry and Application of Chitin and its Derivatives<\/em>\u201d (PCACD) for the 2023 equals\u00a0<strong>IF = 0.8<\/strong>.<\/p><p><img decoding=\"async\" class=\"aligncenter size-medium wp-image-4391\" src=\"https:\/\/ptchit.lodz.pl\/wp-content\/uploads\/2024\/06\/LOGO-Impact-Factor-2023-b-300x90.png\" alt=\"Impact factor czasopisma PCACD za rok 2023 wynosi 0.8 Pi\u0119cioletni Impact factor wynosi 0.7\" width=\"300\" height=\"90\" srcset=\"https:\/\/ptchit.lodz.pl\/wp-content\/uploads\/2024\/06\/LOGO-Impact-Factor-2023-b-300x90.png 300w, https:\/\/ptchit.lodz.pl\/wp-content\/uploads\/2024\/06\/LOGO-Impact-Factor-2023-b-1024x307.png 1024w, https:\/\/ptchit.lodz.pl\/wp-content\/uploads\/2024\/06\/LOGO-Impact-Factor-2023-b-768x230.png 768w, https:\/\/ptchit.lodz.pl\/wp-content\/uploads\/2024\/06\/LOGO-Impact-Factor-2023-b-1536x461.png 1536w, https:\/\/ptchit.lodz.pl\/wp-content\/uploads\/2024\/06\/LOGO-Impact-Factor-2023-b-18x5.png 18w, https:\/\/ptchit.lodz.pl\/wp-content\/uploads\/2024\/06\/LOGO-Impact-Factor-2023-b.png 1607w\" sizes=\"(max-width: 300px) 100vw, 300px\" \/><\/p>\t\t\t\t\t\t\t\t<\/div>\n\t\t\t\t<\/div>\n\t\t\t\t<div class=\"elementor-element elementor-element-345ad98 elementor-widget__width-initial elementor-widget elementor-widget-text-editor\" data-id=\"345ad98\" data-element_type=\"widget\" data-e-type=\"widget\" data-widget_type=\"text-editor.default\">\n\t\t\t\t<div class=\"elementor-widget-container\">\n\t\t\t\t\t\t\t\t\t<p>Dear Colleagues,<\/p>\n<p>We cordially invite you to participate in the <strong>XXIX Conference of the Polish Chitin Society \"NEW ASPECTS ON CHEMISTRY AND APPLICATION OF CHITIN AND ITS DERIVATIVES\"<\/strong>.<br>\nThe conference will be held in Olsztyn on September 18-20, 2024.<br>\nConference venue: Warmi\u0144ski Hotel &amp; Conference (<a href=\"https:\/\/www.hotel-warminski.com.pl\/\" target=\"_blank\" rel=\"noopener\">www.https:\/\/www.hotel-warminski.com.pl\/<\/a>).<br>\nMore information can be found in the tab: <a href=\"https:\/\/ptchit.lodz.pl\/en\/2024\/02\/18\/olsztyn-2024\/\">CLICK<\/a>.<\/p>\n<p>Organizing committee&nbsp;<\/p>\t\t\t\t\t\t\t\t<\/div>\n\t\t\t\t<\/div>\n\t\t\t\t<div class=\"elementor-element elementor-element-c9f1a14 elementor-widget__width-initial elementor-widget elementor-widget-text-editor\" data-id=\"c9f1a14\" data-element_type=\"widget\" data-e-type=\"widget\" data-widget_type=\"text-editor.default\">\n\t\t\t\t<div class=\"elementor-widget-container\">\n\t\t\t\t\t\t\t\t\t<p style=\"font-weight: 400;\">Dear Colleagues,<\/p><p style=\"font-weight: 400;\"><span style=\"font-size: inherit; text-align: inherit; background-color: var(--theme-palette-color-6); color: var(--theme-text-color); font-family: var(--theme-font-family); font-style: var(--theme-font-style, inherit); letter-spacing: var(--theme-letter-spacing); text-transform: var(--theme-text-transform);\">we are pleased to invite you to apply in <\/span><strong style=\"font-size: inherit; text-align: inherit; background-color: var(--theme-palette-color-6); color: var(--theme-text-color); font-family: var(--theme-font-family); font-style: var(--theme-font-style, inherit); letter-spacing: var(--theme-letter-spacing); text-decoration-line: ; text-transform: var(--theme-text-transform);\">11th edition of the Competition of the Prof. Henryk Struszczyk Prize.<\/strong><span style=\"font-size: inherit; text-align: inherit; background-color: var(--theme-palette-color-6); color: var(--theme-text-color); font-family: var(--theme-font-family); font-style: var(--theme-font-style, inherit); letter-spacing: var(--theme-letter-spacing); text-transform: var(--theme-text-transform);\">&nbsp;The competition is devoted to young scientists (Ph.D. students, young doctors up to 36 years of age) conducting research related to chitin and its derivatives.<\/span><\/p>\n<p style=\"font-weight: 400;\"> The award will be given during the Polish Society Conference (Olsztyn, September 18-20, 2024), and the winner will present a ceremonial plenary lecture.&nbsp;<span style=\"font-size: inherit; text-align: inherit; background-color: var(--theme-palette-color-6); color: var(--theme-text-color); font-family: var(--theme-font-family); font-style: var(--theme-font-style, inherit); letter-spacing: var(--theme-letter-spacing); text-transform: var(--theme-text-transform);\">We encourage you to read&nbsp;<\/span><a href=\"https:\/\/ptchit.lodz.pl\/en\/2022\/03\/28\/regulamin\/\" target=\"_blank\" rel=\"noopener\" style=\"font-size: inherit; text-align: inherit; background-color: var(--theme-palette-color-6); font-family: var(--theme-font-family); font-style: var(--theme-font-style, inherit); letter-spacing: var(--theme-letter-spacing); text-transform: var(--theme-text-transform);\">the Statue<\/a><span style=\"font-size: inherit; text-align: inherit; background-color: var(--theme-palette-color-6); color: var(--theme-text-color); font-family: var(--theme-font-family); font-style: var(--theme-font-style, inherit); letter-spacing: var(--theme-letter-spacing); text-transform: var(--theme-text-transform);\">.<\/span><\/p>\n<p style=\"font-weight: 400;\">Applications for the Competition and documents listed in&nbsp;<a href=\"https:\/\/ptchit.lodz.pl\/en\/2022\/03\/28\/regulamin\/\" target=\"_blank\" rel=\"noopener\">the Competition Statue<\/a>&nbsp;please send&nbsp;<strong>no later than 30 June 2024&nbsp;<\/strong>by e-mail to the following address:&nbsp;<a href=\"mailto:katarzyna.struszczyk@p.lodz.pl\">katarzyna.struszczyk@p.lodz.pl<\/a>.<\/p>\t\t\t\t\t\t\t\t<\/div>\n\t\t\t\t<\/div>\n\t\t\t\t\t<\/div>\n\t\t<\/div>\n\t\t\t\t\t<\/div>\n\t\t<\/section>\n\t\t\t\t<\/div>","protected":false},"excerpt":{"rendered":"<p>Archiwum aktualno\u015bci Hamburger Toggle Menu Zaproszenie do publikowania w XXXI numerze czasopisma PCACD Polskie Towarzystwo Chitynowe powsta\u0142o w 1993 roku i od tego czasu wspiera wymian\u0119 wiedzy pomi\u0119dzy naukowcami zajmuj\u0105cymi si\u0119 badaniami nad chityn\u0105\/chitozanem. Od pocz\u0105tku swojej dzia\u0142alno\u015bci PTChit wydaje czasopismo \u201eProgress on Chemistry and Application of Chitin and its Derivatives\u201d (PCACD) w formie rocznika [&hellip;]<\/p>\n","protected":false},"author":1,"featured_media":364,"parent":0,"menu_order":0,"comment_status":"closed","ping_status":"closed","template":"","meta":{"footnotes":""},"class_list":["post-389","page","type-page","status-publish","has-post-thumbnail","hentry"],"blocksy_meta":{"styles_descriptor":{"styles":{"desktop":"","tablet":"","mobile":""},"google_fonts":[],"version":6}},"yoast_head":"<!-- This site is optimized with the Yoast SEO plugin v27.2 - https:\/\/yoast.com\/product\/yoast-seo-wordpress\/ -->\n<title>Aktualno\u015bci - PTCHIT<\/title>\n<meta name=\"description\" content=\"Odkryj nowe aspekty chityny, chitozanu i jego zastosowa\u0144. \u015aled\u017a konferencje Polskiego Towarzystwa Chitynowego i publikacje z czasopisma.\" \/>\n<meta name=\"robots\" content=\"index, follow, max-snippet:-1, max-image-preview:large, max-video-preview:-1\" \/>\n<link rel=\"canonical\" href=\"https:\/\/ptchit.lodz.pl\/en\/\" \/>\n<meta name=\"twitter:label1\" content=\"Est. reading time\" \/>\n\t<meta name=\"twitter:data1\" content=\"4 minutes\" \/>\n<script type=\"application\/ld+json\" class=\"yoast-schema-graph\">{\"@context\":\"https:\/\/schema.org\",\"@graph\":[{\"@type\":\"WebPage\",\"@id\":\"https:\/\/ptchit.lodz.pl\/\",\"url\":\"https:\/\/ptchit.lodz.pl\/\",\"name\":\"Aktualno\u015bci - PTCHIT\",\"isPartOf\":{\"@id\":\"https:\/\/ptchit.lodz.pl\/#website\"},\"primaryImageOfPage\":{\"@id\":\"https:\/\/ptchit.lodz.pl\/#primaryimage\"},\"image\":{\"@id\":\"https:\/\/ptchit.lodz.pl\/#primaryimage\"},\"thumbnailUrl\":\"https:\/\/ptchit.lodz.pl\/wp-content\/uploads\/2022\/03\/logo-PTChit.jpg\",\"datePublished\":\"2022-03-28T09:52:35+00:00\",\"dateModified\":\"2026-04-03T12:34:51+00:00\",\"description\":\"Odkryj nowe aspekty chityny, chitozanu i jego zastosowa\u0144. \u015aled\u017a konferencje Polskiego Towarzystwa Chitynowego i publikacje z czasopisma.\",\"breadcrumb\":{\"@id\":\"https:\/\/ptchit.lodz.pl\/#breadcrumb\"},\"inLanguage\":\"en-US\",\"potentialAction\":[{\"@type\":\"ReadAction\",\"target\":[\"https:\/\/ptchit.lodz.pl\/\"]}]},{\"@type\":\"ImageObject\",\"inLanguage\":\"en-US\",\"@id\":\"https:\/\/ptchit.lodz.pl\/#primaryimage\",\"url\":\"https:\/\/ptchit.lodz.pl\/wp-content\/uploads\/2022\/03\/logo-PTChit.jpg\",\"contentUrl\":\"https:\/\/ptchit.lodz.pl\/wp-content\/uploads\/2022\/03\/logo-PTChit.jpg\",\"width\":1240,\"height\":1240},{\"@type\":\"BreadcrumbList\",\"@id\":\"https:\/\/ptchit.lodz.pl\/#breadcrumb\",\"itemListElement\":[{\"@type\":\"ListItem\",\"position\":1,\"name\":\"Strona g\u0142\u00f3wna\",\"item\":\"https:\/\/ptchit.lodz.pl\/\"},{\"@type\":\"ListItem\",\"position\":2,\"name\":\"Aktualno\u015bci\"}]},{\"@type\":\"WebSite\",\"@id\":\"https:\/\/ptchit.lodz.pl\/#website\",\"url\":\"https:\/\/ptchit.lodz.pl\/\",\"name\":\"PTCHIT\",\"description\":\"Polskie Towarzystwo Chitynowe\",\"publisher\":{\"@id\":\"https:\/\/ptchit.lodz.pl\/#organization\"},\"alternateName\":\"Polskie Towarzystwo Chitynowe\",\"potentialAction\":[{\"@type\":\"SearchAction\",\"target\":{\"@type\":\"EntryPoint\",\"urlTemplate\":\"https:\/\/ptchit.lodz.pl\/?s={search_term_string}\"},\"query-input\":{\"@type\":\"PropertyValueSpecification\",\"valueRequired\":true,\"valueName\":\"search_term_string\"}}],\"inLanguage\":\"en-US\"},{\"@type\":\"Organization\",\"@id\":\"https:\/\/ptchit.lodz.pl\/#organization\",\"name\":\"Polskie Towarzystwo Chitynowe\",\"alternateName\":\"PTChit\",\"url\":\"https:\/\/ptchit.lodz.pl\/\",\"logo\":{\"@type\":\"ImageObject\",\"inLanguage\":\"en-US\",\"@id\":\"https:\/\/ptchit.lodz.pl\/#\/schema\/logo\/image\/\",\"url\":\"https:\/\/ptchit.lodz.pl\/wp-content\/uploads\/2022\/03\/logo-PTChit.jpg\",\"contentUrl\":\"https:\/\/ptchit.lodz.pl\/wp-content\/uploads\/2022\/03\/logo-PTChit.jpg\",\"width\":1240,\"height\":1240,\"caption\":\"Polskie Towarzystwo Chitynowe\"},\"image\":{\"@id\":\"https:\/\/ptchit.lodz.pl\/#\/schema\/logo\/image\/\"}}]}<\/script>\n<!-- \/ Yoast SEO plugin. -->","yoast_head_json":{"title":"Aktualno\u015bci - PTCHIT","description":"Odkryj nowe aspekty chityny, chitozanu i jego zastosowa\u0144. \u015aled\u017a konferencje Polskiego Towarzystwa Chitynowego i publikacje z czasopisma.","robots":{"index":"index","follow":"follow","max-snippet":"max-snippet:-1","max-image-preview":"max-image-preview:large","max-video-preview":"max-video-preview:-1"},"canonical":"https:\/\/ptchit.lodz.pl\/en\/","twitter_misc":{"Est. reading time":"4 minutes"},"schema":{"@context":"https:\/\/schema.org","@graph":[{"@type":"WebPage","@id":"https:\/\/ptchit.lodz.pl\/","url":"https:\/\/ptchit.lodz.pl\/","name":"Aktualno\u015bci - PTCHIT","isPartOf":{"@id":"https:\/\/ptchit.lodz.pl\/#website"},"primaryImageOfPage":{"@id":"https:\/\/ptchit.lodz.pl\/#primaryimage"},"image":{"@id":"https:\/\/ptchit.lodz.pl\/#primaryimage"},"thumbnailUrl":"https:\/\/ptchit.lodz.pl\/wp-content\/uploads\/2022\/03\/logo-PTChit.jpg","datePublished":"2022-03-28T09:52:35+00:00","dateModified":"2026-04-03T12:34:51+00:00","description":"Odkryj nowe aspekty chityny, chitozanu i jego zastosowa\u0144. \u015aled\u017a konferencje Polskiego Towarzystwa Chitynowego i publikacje z czasopisma.","breadcrumb":{"@id":"https:\/\/ptchit.lodz.pl\/#breadcrumb"},"inLanguage":"en-US","potentialAction":[{"@type":"ReadAction","target":["https:\/\/ptchit.lodz.pl\/"]}]},{"@type":"ImageObject","inLanguage":"en-US","@id":"https:\/\/ptchit.lodz.pl\/#primaryimage","url":"https:\/\/ptchit.lodz.pl\/wp-content\/uploads\/2022\/03\/logo-PTChit.jpg","contentUrl":"https:\/\/ptchit.lodz.pl\/wp-content\/uploads\/2022\/03\/logo-PTChit.jpg","width":1240,"height":1240},{"@type":"BreadcrumbList","@id":"https:\/\/ptchit.lodz.pl\/#breadcrumb","itemListElement":[{"@type":"ListItem","position":1,"name":"Strona g\u0142\u00f3wna","item":"https:\/\/ptchit.lodz.pl\/"},{"@type":"ListItem","position":2,"name":"Aktualno\u015bci"}]},{"@type":"WebSite","@id":"https:\/\/ptchit.lodz.pl\/#website","url":"https:\/\/ptchit.lodz.pl\/","name":"PTCHIT","description":"Polish Chitin Society","publisher":{"@id":"https:\/\/ptchit.lodz.pl\/#organization"},"alternateName":"Polskie Towarzystwo Chitynowe","potentialAction":[{"@type":"SearchAction","target":{"@type":"EntryPoint","urlTemplate":"https:\/\/ptchit.lodz.pl\/?s={search_term_string}"},"query-input":{"@type":"PropertyValueSpecification","valueRequired":true,"valueName":"search_term_string"}}],"inLanguage":"en-US"},{"@type":"Organization","@id":"https:\/\/ptchit.lodz.pl\/#organization","name":"Polish Chitin Society","alternateName":"PTChit","url":"https:\/\/ptchit.lodz.pl\/","logo":{"@type":"ImageObject","inLanguage":"en-US","@id":"https:\/\/ptchit.lodz.pl\/#\/schema\/logo\/image\/","url":"https:\/\/ptchit.lodz.pl\/wp-content\/uploads\/2022\/03\/logo-PTChit.jpg","contentUrl":"https:\/\/ptchit.lodz.pl\/wp-content\/uploads\/2022\/03\/logo-PTChit.jpg","width":1240,"height":1240,"caption":"Polskie Towarzystwo Chitynowe"},"image":{"@id":"https:\/\/ptchit.lodz.pl\/#\/schema\/logo\/image\/"}}]}},"_links":{"self":[{"href":"https:\/\/ptchit.lodz.pl\/en\/wp-json\/wp\/v2\/pages\/389","targetHints":{"allow":["GET"]}}],"collection":[{"href":"https:\/\/ptchit.lodz.pl\/en\/wp-json\/wp\/v2\/pages"}],"about":[{"href":"https:\/\/ptchit.lodz.pl\/en\/wp-json\/wp\/v2\/types\/page"}],"author":[{"embeddable":true,"href":"https:\/\/ptchit.lodz.pl\/en\/wp-json\/wp\/v2\/users\/1"}],"replies":[{"embeddable":true,"href":"https:\/\/ptchit.lodz.pl\/en\/wp-json\/wp\/v2\/comments?post=389"}],"version-history":[{"count":225,"href":"https:\/\/ptchit.lodz.pl\/en\/wp-json\/wp\/v2\/pages\/389\/revisions"}],"predecessor-version":[{"id":4973,"href":"https:\/\/ptchit.lodz.pl\/en\/wp-json\/wp\/v2\/pages\/389\/revisions\/4973"}],"wp:featuredmedia":[{"embeddable":true,"href":"https:\/\/ptchit.lodz.pl\/en\/wp-json\/wp\/v2\/media\/364"}],"wp:attachment":[{"href":"https:\/\/ptchit.lodz.pl\/en\/wp-json\/wp\/v2\/media?parent=389"}],"curies":[{"name":"wp","href":"https:\/\/api.w.org\/{rel}","templated":true}]}}