{"id":106,"date":"2022-03-09T11:53:25","date_gmt":"2022-03-09T10:53:25","guid":{"rendered":"http:\/\/ptchit.lodz.pl\/?page_id=106"},"modified":"2026-03-19T15:12:34","modified_gmt":"2026-03-19T14:12:34","slug":"formularz-zgloszeniowy","status":"publish","type":"page","link":"https:\/\/ptchit.lodz.pl\/en\/formularz-zgloszeniowy\/","title":{"rendered":"Application form"},"content":{"rendered":"<div data-elementor-type=\"wp-page\" data-elementor-id=\"106\" class=\"elementor elementor-106\">\n\t\t\t\t\t\t<section class=\"elementor-section elementor-top-section elementor-element elementor-element-25e0e238 elementor-section-boxed elementor-section-height-default elementor-section-height-default\" data-id=\"25e0e238\" data-element_type=\"section\" data-e-type=\"section\">\n\t\t\t\t\t\t<div class=\"elementor-container elementor-column-gap-default\">\n\t\t\t\t\t<div class=\"elementor-column elementor-col-100 elementor-top-column elementor-element elementor-element-626aaedb\" data-id=\"626aaedb\" data-element_type=\"column\" data-e-type=\"column\">\n\t\t\t<div class=\"elementor-widget-wrap elementor-element-populated\">\n\t\t\t\t\t\t<div class=\"elementor-element elementor-element-8c121a6 elementor-widget elementor-widget-text-editor\" data-id=\"8c121a6\" data-element_type=\"widget\" data-e-type=\"widget\" data-widget_type=\"text-editor.default\">\n\t\t\t\t<div class=\"elementor-widget-container\">\n\t\t\t\t\t\t\t\t\t<p><span style=\"background-color: var(--palettecolor6); color: var(--theme-text-color); font-size: inherit; text-align: inherit; font-family: var(--fontFamily); font-style: var(--fontStyle, inherit); font-weight: var(--fontWeight); letter-spacing: var(--letterSpacing); text-transform: var(--textTransform);\">Application form for the XXXI Conference of the Polish Chitin Society \"NEW ASPECTS ON CHEMISTRY AND APPLICATION OF CHITIN AND ITS DERIVATIVES. Chitin, chitosan and other polysaccharides\"<br \/><\/span><span style=\"background-color: var(--palettecolor6); color: var(--theme-text-color); font-size: inherit; text-align: inherit; font-family: var(--fontFamily); font-style: var(--fontStyle, inherit); font-weight: var(--fontWeight); letter-spacing: var(--letterSpacing); text-transform: var(--textTransform);\">The conference will be held in Katowice at the VOCO Hotel<\/span><span style=\"background-color: var(--palettecolor6); color: var(--theme-text-color); font-size: inherit; text-align: inherit; font-family: var(--fontFamily); font-style: var(--fontStyle, inherit); font-weight: var(--fontWeight); letter-spacing: var(--letterSpacing); text-transform: var(--textTransform);\"> on September 23-25, 2026.<\/span><span style=\"background-color: var(--palettecolor6); color: var(--theme-text-color); font-size: inherit; text-align: inherit; font-family: var(--fontFamily); font-style: var(--fontStyle, inherit); font-weight: var(--fontWeight); letter-spacing: var(--letterSpacing); text-transform: var(--textTransform);\"><br \/><\/span><\/p>\n<div>\u00a0<\/div>\n<div><strong>By submitting the application, I consent to the processing of my personal data in order to register for the conference\u00a0<span style=\"background-color: var(--palettecolor6); color: var(--theme-text-color); font-size: inherit; text-align: inherit; font-family: var(--fontFamily); font-style: var(--fontStyle, inherit); letter-spacing: var(--letterSpacing); text-transform: var(--textTransform);\">&#8222;<b>NEW ASPECTS ON CHEMISTRY AND APPLICATION OF CHITIN AND ITS DERIVATIVES. Chitin, chitosan and other polysaccharides<\/b>\" and<\/span><span style=\"background-color: var(--palettecolor6); color: var(--theme-text-color); font-size: inherit; text-align: inherit; font-family: var(--fontFamily); font-style: var(--fontStyle, inherit); letter-spacing: var(--letterSpacing); text-transform: var(--textTransform);\"> I consent to the free use of my image recorded in the form of a photograph or on a film for informational and promotional purposes related to the implementation and course of the conference\u00a0<\/span><span style=\"background-color: var(--palettecolor6); color: var(--theme-text-color); font-family: var(--fontFamily); font-size: inherit; font-style: var(--fontStyle, inherit); letter-spacing: var(--letterSpacing); text-align: inherit; text-transform: var(--textTransform);\">by posting a photo and \/ or video report from the conference on the website of the Polish Chitin Society and its profiles in social media.<\/span><\/strong><\/div>\t\t\t\t\t\t\t\t<\/div>\n\t\t\t\t<\/div>\n\t\t\t\t<div class=\"elementor-element elementor-element-6615491a elementor-widget elementor-widget-text-editor\" data-id=\"6615491a\" data-element_type=\"widget\" data-e-type=\"widget\" data-widget_type=\"text-editor.default\">\n\t\t\t\t<div class=\"elementor-widget-container\">\n\t\t\t\t\t\t\t\t\t\n<div class=\"wp-block-columns is-layout-flex wp-container-core-columns-is-layout-28f84493 wp-block-columns-is-layout-flex\">\n<div class=\"wp-block-column is-layout-flow wp-block-column-is-layout-flow\" style=\"flex-basis: 100%;\">\n<div class=\"wp-block-group is-layout-flow wp-block-group-is-layout-flow\">\n<div class=\"wpcf7 no-js\" id=\"wpcf7-f126-o1\" lang=\"pl-PL\" dir=\"ltr\" data-wpcf7-id=\"126\">\n<div class=\"screen-reader-response\"><p role=\"status\" aria-live=\"polite\" aria-atomic=\"true\"><\/p> <ul><\/ul><\/div>\n<form action=\"\/en\/wp-json\/wp\/v2\/pages\/106#wpcf7-f126-o1\" method=\"post\" class=\"wpcf7-form init\" aria-label=\"Formularz kontaktowy\" enctype=\"multipart\/form-data\" novalidate=\"novalidate\" data-status=\"init\" data-trp-original-action=\"\/en\/wp-json\/wp\/v2\/pages\/106#wpcf7-f126-o1\">\n<fieldset class=\"hidden-fields-container\"><input type=\"hidden\" name=\"_wpcf7\" value=\"126\" \/><input type=\"hidden\" name=\"_wpcf7_version\" value=\"6.1.5\" \/><input type=\"hidden\" name=\"_wpcf7_locale\" value=\"pl_PL\" \/><input type=\"hidden\" name=\"_wpcf7_unit_tag\" value=\"wpcf7-f126-o1\" \/><input type=\"hidden\" name=\"_wpcf7_container_post\" value=\"0\" \/><input type=\"hidden\" name=\"_wpcf7_posted_data_hash\" value=\"\" \/><input type=\"hidden\" name=\"_wpcf7_recaptcha_response\" value=\"\" \/>\n<\/fieldset>\n<table>\n\t<tr>\n\t\t<td>\n\t\t\t<p><label> First name*:<br \/>\n<span class=\"wpcf7-form-control-wrap\" data-name=\"your-name-1\"><input size=\"40\" maxlength=\"400\" class=\"wpcf7-form-control wpcf7-text wpcf7-validates-as-required\" aria-required=\"true\" aria-invalid=\"false\" value=\"\" type=\"text\" name=\"your-name-1\" \/><\/span> <\/label>\n\t\t\t<\/p>\n\t\t<\/td>\n\t\t<td>\n\t\t\t<p><label> Last name*:<br \/>\n<span class=\"wpcf7-form-control-wrap\" data-name=\"your-name-2\"><input size=\"40\" maxlength=\"400\" class=\"wpcf7-form-control wpcf7-text wpcf7-validates-as-required\" aria-required=\"true\" aria-invalid=\"false\" value=\"\" type=\"text\" name=\"your-name-2\" \/><\/span> <\/label>\n\t\t\t<\/p>\n\t\t<\/td>\n\t<\/tr>\n\t<tr>\n\t\t<td>\n\t\t\t<p><label> Academic degree*:<br \/>\n<span class=\"wpcf7-form-control-wrap\" data-name=\"text-1\"><input size=\"40\" maxlength=\"400\" class=\"wpcf7-form-control wpcf7-text wpcf7-validates-as-required\" aria-required=\"true\" aria-invalid=\"false\" value=\"\" type=\"text\" name=\"text-1\" \/><\/span> <\/label>\n\t\t\t<\/p>\n\t\t<\/td>\n\t\t<td>\n\t\t\t<p><label> Affiliation*:<br \/>\n<span class=\"wpcf7-form-control-wrap\" data-name=\"text-2\"><input size=\"40\" maxlength=\"400\" class=\"wpcf7-form-control wpcf7-text wpcf7-validates-as-required\" aria-required=\"true\" aria-invalid=\"false\" value=\"\" type=\"text\" name=\"text-2\" \/><\/span> <\/label>\n\t\t\t<\/p>\n\t\t<\/td>\n\t<\/tr>\n\t<tr>\n\t\t<td>\n\t\t\t<p><label> Contact number*:<br \/>\n<span class=\"wpcf7-form-control-wrap\" data-name=\"tel-1\"><input size=\"40\" maxlength=\"400\" class=\"wpcf7-form-control wpcf7-tel wpcf7-validates-as-required wpcf7-text wpcf7-validates-as-tel\" aria-required=\"true\" aria-invalid=\"false\" value=\"\" type=\"tel\" name=\"tel-1\" \/><\/span> <\/label>\n\t\t\t<\/p>\n\t\t<\/td>\n\t\t<td>\n\t\t\t<p><label> Fax:<br \/>\n<span class=\"wpcf7-form-control-wrap\" data-name=\"tel-2\"><input size=\"40\" maxlength=\"400\" class=\"wpcf7-form-control wpcf7-tel wpcf7-text wpcf7-validates-as-tel\" aria-invalid=\"false\" value=\"\" type=\"tel\" name=\"tel-2\" \/><\/span> <\/label>\n\t\t\t<\/p>\n\t\t<\/td>\n\t<\/tr>\n\t<tr>\n\t\t<td>\n\t\t\t<p><label> Street and number:<br \/>\n<span class=\"wpcf7-form-control-wrap\" data-name=\"text-3\"><input size=\"40\" maxlength=\"400\" class=\"wpcf7-form-control wpcf7-text wpcf7-validates-as-required\" aria-required=\"true\" aria-invalid=\"false\" value=\"\" type=\"text\" name=\"text-3\" \/><\/span> <\/label>\n\t\t\t<\/p>\n\t\t<\/td>\n\t\t<td>\n\t\t\t<p><label>Postal code:<br \/>\n<span class=\"wpcf7-form-control-wrap\" data-name=\"text-12\"><input size=\"40\" maxlength=\"400\" class=\"wpcf7-form-control wpcf7-text wpcf7-validates-as-required\" aria-required=\"true\" aria-invalid=\"false\" value=\"\" type=\"text\" name=\"text-12\" \/><\/span><\/label>\n\t\t\t<\/p>\n\t\t<\/td>\n\t<\/tr>\n\t<tr>\n\t\t<td>\n\t\t\t<p><label> City*:<br \/>\n<span class=\"wpcf7-form-control-wrap\" data-name=\"text-4\"><input size=\"40\" maxlength=\"400\" class=\"wpcf7-form-control wpcf7-text wpcf7-validates-as-required\" aria-required=\"true\" aria-invalid=\"false\" value=\"\" type=\"text\" name=\"text-4\" \/><\/span> <\/label>\n\t\t\t<\/p>\n\t\t<\/td>\n\t\t<td>\n\t\t\t<p><label> Country*:<br \/>\n<span class=\"wpcf7-form-control-wrap\" data-name=\"text-5\"><input size=\"40\" maxlength=\"400\" class=\"wpcf7-form-control wpcf7-text wpcf7-validates-as-required\" aria-required=\"true\" aria-invalid=\"false\" value=\"\" type=\"text\" name=\"text-5\" \/><\/span> <\/label>\n\t\t\t<\/p>\n\t\t<\/td>\n\t<\/tr>\n\t<tr>\n\t\t<td>\n\t\t\t<p><label> E-mail*:<br \/>\n<span class=\"wpcf7-form-control-wrap\" data-name=\"your-email\"><input size=\"40\" maxlength=\"400\" class=\"wpcf7-form-control wpcf7-email wpcf7-validates-as-required wpcf7-text wpcf7-validates-as-email\" aria-required=\"true\" aria-invalid=\"false\" value=\"\" type=\"email\" name=\"your-email\" \/><\/span> <\/label>\n\t\t\t<\/p>\n\t\t<\/td>\n\t\t<td>\n\t\t\t<p>Presentation:<br \/>\n<span class=\"wpcf7-form-control-wrap\" data-name=\"radio-2\"><span class=\"wpcf7-form-control wpcf7-radio\"><span class=\"wpcf7-list-item first\"><label><input type=\"radio\" name=\"radio-2\" value=\"Poster\" checked=\"checked\" \/><span class=\"wpcf7-list-item-label\">Poster<\/span><\/label><\/span><span class=\"wpcf7-list-item\"><label><input type=\"radio\" name=\"radio-2\" value=\"Komunikat\" \/><span class=\"wpcf7-list-item-label\">Short lecture<\/span><\/label><\/span><span class=\"wpcf7-list-item last\"><label><input type=\"radio\" name=\"radio-2\" value=\"Bez wyst\u0105pienia\" \/><span class=\"wpcf7-list-item-label\">No presentation<\/span><\/label><\/span><\/span><\/span>\n\t\t\t<\/p>\n\t\t<\/td>\n\t<\/tr>\n\t<tr>\n\t\t<td>\n\t\t\t<p><label> Presentation or poster title:<br \/>\n<span class=\"wpcf7-form-control-wrap\" data-name=\"your-subject\"><input size=\"40\" maxlength=\"400\" class=\"wpcf7-form-control wpcf7-text\" aria-invalid=\"false\" value=\"\" type=\"text\" name=\"your-subject\" \/><\/span> <\/label>\n\t\t\t<\/p>\n\t\t<\/td>\n\t\t<td>\n\t\t\t<p><label> Author(s):<br \/>\n<span class=\"wpcf7-form-control-wrap\" data-name=\"text-6\"><input size=\"40\" maxlength=\"400\" class=\"wpcf7-form-control wpcf7-text\" aria-invalid=\"false\" value=\"\" type=\"text\" name=\"text-6\" \/><\/span> <\/label>\n\t\t\t<\/p>\n\t\t<\/td>\n\t<\/tr>\n\t<tr>\n\t\t<td>\n\t\t\t<p>Dinning options*:<br \/>\n<span class=\"wpcf7-form-control-wrap\" data-name=\"radio-1\"><span class=\"wpcf7-form-control wpcf7-radio\"><span class=\"wpcf7-list-item first\"><label><input type=\"radio\" name=\"radio-1\" value=\"Mi\u0119sne\" checked=\"checked\" \/><span class=\"wpcf7-list-item-label\">Meat<\/span><\/label><\/span><span class=\"wpcf7-list-item last\"><label><input type=\"radio\" name=\"radio-1\" value=\"Wega\u0144skie\" \/><span class=\"wpcf7-list-item-label\">Vegan<\/span><\/label><\/span><\/span><\/span>\n\t\t\t<\/p>\n\t\t<\/td>\n\t<\/tr>\n\t<tr>\n\t\t<td>\n\t\t\t<p><label> Abstract:<br \/>\n<span class=\"wpcf7-form-control-wrap\" data-name=\"file-904\"><input size=\"40\" class=\"wpcf7-form-control wpcf7-file\" accept=\".doc,.docx,.pdf\" aria-invalid=\"false\" type=\"file\" name=\"file-904\" \/><\/span> <\/label><br \/>\n<a>(Allowed files .doc .docx .pdf)<\/a>\n\t\t\t<\/p>\n\t\t<\/td>\n\t<\/tr>\n<\/table>\n<tr>\n\t<td>\n\t\t<p>Invoice:<br \/>\n<span class=\"wpcf7-form-control-wrap\" data-name=\"Faktura\"><span class=\"wpcf7-form-control wpcf7-radio\"><span class=\"wpcf7-list-item first\"><label><input type=\"radio\" name=\"Faktura\" value=\"Tak - podaj poni\u017cej dane do faktury\" \/><span class=\"wpcf7-list-item-label\">Yes - please provide invoice details below<\/span><\/label><\/span><span class=\"wpcf7-list-item last\"><label><input type=\"radio\" name=\"Faktura\" value=\"Nie - wype\u0142nij pola znakiem *-*\" \/><span class=\"wpcf7-list-item-label\">No - fill in the fields with *-*<\/span><\/label><\/span><\/span><\/span>\n\t\t<\/p>\n\t<\/td>\n<\/tr>\n<h5>Invoice*:\n<\/h5>\n<table>\n\t<tr>\n\t\t<td>\n\t\t\t<p><label> Institution \/ First and last name*:<br \/>\n<span class=\"wpcf7-form-control-wrap\" data-name=\"text-7\"><input size=\"40\" maxlength=\"400\" class=\"wpcf7-form-control wpcf7-text wpcf7-validates-as-required\" aria-required=\"true\" aria-invalid=\"false\" value=\"\" type=\"text\" name=\"text-7\" \/><\/span><\/label>\n\t\t\t<\/p>\n\t\t<\/td>\n\t\t<td>\n\t\t\t<p><label> Street and number:<br \/>\n<span class=\"wpcf7-form-control-wrap\" data-name=\"text-8\"><input size=\"40\" maxlength=\"400\" class=\"wpcf7-form-control wpcf7-text wpcf7-validates-as-required\" aria-required=\"true\" aria-invalid=\"false\" value=\"\" type=\"text\" name=\"text-8\" \/><\/span><\/label>\n\t\t\t<\/p>\n\t\t<\/td>\n\t<\/tr>\n\t<tr>\n\t\t<td>\n\t\t\t<p><label> Postal code:<br \/>\n<span class=\"wpcf7-form-control-wrap\" data-name=\"text-13\"><input size=\"40\" maxlength=\"400\" class=\"wpcf7-form-control wpcf7-text\" aria-invalid=\"false\" value=\"\" type=\"text\" name=\"text-13\" \/><\/span> <\/label>\n\t\t\t<\/p>\n\t\t<\/td>\n\t\t<td>\n\t\t\t<p><label> City*:<br \/>\n<span class=\"wpcf7-form-control-wrap\" data-name=\"text-9\"><input size=\"40\" maxlength=\"400\" class=\"wpcf7-form-control wpcf7-text wpcf7-validates-as-required\" aria-required=\"true\" aria-invalid=\"false\" value=\"\" type=\"text\" name=\"text-9\" \/><\/span> <\/label>\n\t\t\t<\/p>\n\t\t<\/td>\n\t<\/tr>\n\t<tr>\n\t\t<td>\n\t\t\t<p><label> Country*:<br \/>\n<span class=\"wpcf7-form-control-wrap\" data-name=\"text-10\"><input size=\"40\" maxlength=\"400\" class=\"wpcf7-form-control wpcf7-text wpcf7-validates-as-required\" aria-required=\"true\" aria-invalid=\"false\" value=\"\" type=\"text\" name=\"text-10\" \/><\/span> <\/label>\n\t\t\t<\/p>\n\t\t<\/td>\n\t\t<td>\n\t\t\t<p><label> Tax number:<br \/>\n<span class=\"wpcf7-form-control-wrap\" data-name=\"text-11\"><input size=\"40\" maxlength=\"400\" class=\"wpcf7-form-control wpcf7-text wpcf7-validates-as-required\" aria-required=\"true\" aria-invalid=\"false\" value=\"\" type=\"text\" name=\"text-11\" \/><\/span><\/label>\n\t\t\t<\/p>\n\t\t<\/td>\n\t<\/tr>\n<\/table>\n\n<p><input class=\"wpcf7-form-control wpcf7-submit has-spinner\" type=\"submit\" value=\"Submit\" \/>\n<\/p><p style=\"display: none !important;\" class=\"akismet-fields-container\" data-prefix=\"_wpcf7_ak_\"><label>&#916;<textarea name=\"_wpcf7_ak_hp_textarea\" cols=\"45\" rows=\"8\" maxlength=\"100\"><\/textarea><\/label><input type=\"hidden\" id=\"ak_js_1\" name=\"_wpcf7_ak_js\" value=\"211\"\/><script>document.getElementById( \"ak_js_1\" ).setAttribute( \"value\", ( new Date() ).getTime() );<\/script><\/p><div class=\"wpcf7-response-output\" aria-hidden=\"true\"><\/div>\n<input type=\"hidden\" name=\"trp-form-language\" value=\"en\"\/><\/form>\n<\/div>\n<br \/><\/div>\n<\/div>\n<\/div>\n<!-- \/wp:columns --><!-- wp:paragraph -->\n<p>\u00a0<\/p>\n<!-- \/wp:paragraph -->\t\t\t\t\t\t\t\t<\/div>\n\t\t\t\t<\/div>\n\t\t\t\t\t<\/div>\n\t\t<\/div>\n\t\t\t\t\t<\/div>\n\t\t<\/section>\n\t\t\t\t<\/div>","protected":false},"excerpt":{"rendered":"<p>Formularz zg\u0142oszeniowy na XXIX konferencj\u0119 Polskiego Towarzystwa Chitynowego pt. &#8222;NEW ASPECTS ON CHEMISTRY AND APPLICATION OF CHITIN AND ITS DERIVATIVES. Chitin, chitosan and other polysaccharides\u201d.Konferencja odb\u0119dzie si\u0119 w Katowicach w Hotelu VOCO w dniach 23-25 wrze\u015bnia 2026 r. \u00a0 Przesy\u0142aj\u0105c zg\u0142oszenie wyra\u017cam zgod\u0119 na przetwarzanie moich danych osobowych w celu dokonania rejestracji na konferencj\u0119\u00a0&#8222;NEW ASPECTS [&hellip;]<\/p>\n","protected":false},"author":1,"featured_media":0,"parent":0,"menu_order":0,"comment_status":"closed","ping_status":"closed","template":"","meta":{"footnotes":""},"class_list":["post-106","page","type-page","status-publish","hentry"],"blocksy_meta":{"styles_descriptor":{"styles":{"desktop":"","tablet":"","mobile":""},"google_fonts":[],"version":6}},"yoast_head":"<!-- This site is optimized with the Yoast SEO plugin v27.2 - https:\/\/yoast.com\/product\/yoast-seo-wordpress\/ -->\n<title>Formularz zg\u0142oszeniowy - PTCHIT<\/title>\n<meta name=\"robots\" content=\"index, follow, max-snippet:-1, max-image-preview:large, max-video-preview:-1\" \/>\n<link rel=\"canonical\" href=\"https:\/\/ptchit.lodz.pl\/en\/formularz-zgloszeniowy\/\" \/>\n<meta name=\"twitter:label1\" content=\"Est. reading time\" \/>\n\t<meta name=\"twitter:data1\" content=\"2 minutes\" \/>\n<script type=\"application\/ld+json\" class=\"yoast-schema-graph\">{\"@context\":\"https:\/\/schema.org\",\"@graph\":[{\"@type\":\"WebPage\",\"@id\":\"https:\/\/ptchit.lodz.pl\/formularz-zgloszeniowy\/\",\"url\":\"https:\/\/ptchit.lodz.pl\/formularz-zgloszeniowy\/\",\"name\":\"Formularz zg\u0142oszeniowy - PTCHIT\",\"isPartOf\":{\"@id\":\"https:\/\/ptchit.lodz.pl\/#website\"},\"datePublished\":\"2022-03-09T10:53:25+00:00\",\"dateModified\":\"2026-03-19T14:12:34+00:00\",\"breadcrumb\":{\"@id\":\"https:\/\/ptchit.lodz.pl\/formularz-zgloszeniowy\/#breadcrumb\"},\"inLanguage\":\"en-US\",\"potentialAction\":[{\"@type\":\"ReadAction\",\"target\":[\"https:\/\/ptchit.lodz.pl\/formularz-zgloszeniowy\/\"]}]},{\"@type\":\"BreadcrumbList\",\"@id\":\"https:\/\/ptchit.lodz.pl\/formularz-zgloszeniowy\/#breadcrumb\",\"itemListElement\":[{\"@type\":\"ListItem\",\"position\":1,\"name\":\"Strona g\u0142\u00f3wna\",\"item\":\"https:\/\/ptchit.lodz.pl\/\"},{\"@type\":\"ListItem\",\"position\":2,\"name\":\"Formularz zg\u0142oszeniowy\"}]},{\"@type\":\"WebSite\",\"@id\":\"https:\/\/ptchit.lodz.pl\/#website\",\"url\":\"https:\/\/ptchit.lodz.pl\/\",\"name\":\"PTCHIT\",\"description\":\"Polskie Towarzystwo Chitynowe\",\"publisher\":{\"@id\":\"https:\/\/ptchit.lodz.pl\/#organization\"},\"alternateName\":\"Polskie Towarzystwo Chitynowe\",\"potentialAction\":[{\"@type\":\"SearchAction\",\"target\":{\"@type\":\"EntryPoint\",\"urlTemplate\":\"https:\/\/ptchit.lodz.pl\/?s={search_term_string}\"},\"query-input\":{\"@type\":\"PropertyValueSpecification\",\"valueRequired\":true,\"valueName\":\"search_term_string\"}}],\"inLanguage\":\"en-US\"},{\"@type\":\"Organization\",\"@id\":\"https:\/\/ptchit.lodz.pl\/#organization\",\"name\":\"Polskie Towarzystwo Chitynowe\",\"alternateName\":\"PTChit\",\"url\":\"https:\/\/ptchit.lodz.pl\/\",\"logo\":{\"@type\":\"ImageObject\",\"inLanguage\":\"en-US\",\"@id\":\"https:\/\/ptchit.lodz.pl\/#\/schema\/logo\/image\/\",\"url\":\"https:\/\/ptchit.lodz.pl\/wp-content\/uploads\/2022\/03\/logo-PTChit.jpg\",\"contentUrl\":\"https:\/\/ptchit.lodz.pl\/wp-content\/uploads\/2022\/03\/logo-PTChit.jpg\",\"width\":1240,\"height\":1240,\"caption\":\"Polskie Towarzystwo Chitynowe\"},\"image\":{\"@id\":\"https:\/\/ptchit.lodz.pl\/#\/schema\/logo\/image\/\"}}]}<\/script>\n<!-- \/ Yoast SEO plugin. -->","yoast_head_json":{"title":"Formularz zg\u0142oszeniowy - PTCHIT","robots":{"index":"index","follow":"follow","max-snippet":"max-snippet:-1","max-image-preview":"max-image-preview:large","max-video-preview":"max-video-preview:-1"},"canonical":"https:\/\/ptchit.lodz.pl\/en\/formularz-zgloszeniowy\/","twitter_misc":{"Est. reading time":"2 minutes"},"schema":{"@context":"https:\/\/schema.org","@graph":[{"@type":"WebPage","@id":"https:\/\/ptchit.lodz.pl\/formularz-zgloszeniowy\/","url":"https:\/\/ptchit.lodz.pl\/formularz-zgloszeniowy\/","name":"Formularz zg\u0142oszeniowy - PTCHIT","isPartOf":{"@id":"https:\/\/ptchit.lodz.pl\/#website"},"datePublished":"2022-03-09T10:53:25+00:00","dateModified":"2026-03-19T14:12:34+00:00","breadcrumb":{"@id":"https:\/\/ptchit.lodz.pl\/formularz-zgloszeniowy\/#breadcrumb"},"inLanguage":"en-US","potentialAction":[{"@type":"ReadAction","target":["https:\/\/ptchit.lodz.pl\/formularz-zgloszeniowy\/"]}]},{"@type":"BreadcrumbList","@id":"https:\/\/ptchit.lodz.pl\/formularz-zgloszeniowy\/#breadcrumb","itemListElement":[{"@type":"ListItem","position":1,"name":"Strona g\u0142\u00f3wna","item":"https:\/\/ptchit.lodz.pl\/"},{"@type":"ListItem","position":2,"name":"Formularz zg\u0142oszeniowy"}]},{"@type":"WebSite","@id":"https:\/\/ptchit.lodz.pl\/#website","url":"https:\/\/ptchit.lodz.pl\/","name":"PTCHIT","description":"Polish Chitin Society","publisher":{"@id":"https:\/\/ptchit.lodz.pl\/#organization"},"alternateName":"Polskie Towarzystwo Chitynowe","potentialAction":[{"@type":"SearchAction","target":{"@type":"EntryPoint","urlTemplate":"https:\/\/ptchit.lodz.pl\/?s={search_term_string}"},"query-input":{"@type":"PropertyValueSpecification","valueRequired":true,"valueName":"search_term_string"}}],"inLanguage":"en-US"},{"@type":"Organization","@id":"https:\/\/ptchit.lodz.pl\/#organization","name":"Polish Chitin Society","alternateName":"PTChit","url":"https:\/\/ptchit.lodz.pl\/","logo":{"@type":"ImageObject","inLanguage":"en-US","@id":"https:\/\/ptchit.lodz.pl\/#\/schema\/logo\/image\/","url":"https:\/\/ptchit.lodz.pl\/wp-content\/uploads\/2022\/03\/logo-PTChit.jpg","contentUrl":"https:\/\/ptchit.lodz.pl\/wp-content\/uploads\/2022\/03\/logo-PTChit.jpg","width":1240,"height":1240,"caption":"Polskie Towarzystwo Chitynowe"},"image":{"@id":"https:\/\/ptchit.lodz.pl\/#\/schema\/logo\/image\/"}}]}},"_links":{"self":[{"href":"https:\/\/ptchit.lodz.pl\/en\/wp-json\/wp\/v2\/pages\/106","targetHints":{"allow":["GET"]}}],"collection":[{"href":"https:\/\/ptchit.lodz.pl\/en\/wp-json\/wp\/v2\/pages"}],"about":[{"href":"https:\/\/ptchit.lodz.pl\/en\/wp-json\/wp\/v2\/types\/page"}],"author":[{"embeddable":true,"href":"https:\/\/ptchit.lodz.pl\/en\/wp-json\/wp\/v2\/users\/1"}],"replies":[{"embeddable":true,"href":"https:\/\/ptchit.lodz.pl\/en\/wp-json\/wp\/v2\/comments?post=106"}],"version-history":[{"count":50,"href":"https:\/\/ptchit.lodz.pl\/en\/wp-json\/wp\/v2\/pages\/106\/revisions"}],"predecessor-version":[{"id":4947,"href":"https:\/\/ptchit.lodz.pl\/en\/wp-json\/wp\/v2\/pages\/106\/revisions\/4947"}],"wp:attachment":[{"href":"https:\/\/ptchit.lodz.pl\/en\/wp-json\/wp\/v2\/media?parent=106"}],"curies":[{"name":"wp","href":"https:\/\/api.w.org\/{rel}","templated":true}]}}