{"id":104,"date":"2022-03-09T11:52:34","date_gmt":"2022-03-09T10:52:34","guid":{"rendered":"http:\/\/ptchit.lodz.pl\/?page_id=104"},"modified":"2022-04-29T12:13:22","modified_gmt":"2022-04-29T10:13:22","slug":"czlonkowie-honorowi","status":"publish","type":"page","link":"https:\/\/ptchit.lodz.pl\/en\/czlonkowie-honorowi\/","title":{"rendered":"Honorary members"},"content":{"rendered":"<div data-elementor-type=\"wp-page\" data-elementor-id=\"104\" class=\"elementor elementor-104\">\n\t\t\t\t\t\t<section class=\"elementor-section elementor-top-section elementor-element elementor-element-5f68f4c elementor-section-boxed elementor-section-height-default elementor-section-height-default\" data-id=\"5f68f4c\" data-element_type=\"section\" data-e-type=\"section\" data-settings=\"{&quot;background_background&quot;:&quot;classic&quot;}\">\n\t\t\t\t\t\t<div class=\"elementor-container elementor-column-gap-default\">\n\t\t\t\t\t<div class=\"elementor-column elementor-col-50 elementor-top-column elementor-element elementor-element-851ade5\" data-id=\"851ade5\" data-element_type=\"column\" data-e-type=\"column\">\n\t\t\t<div class=\"elementor-widget-wrap elementor-element-populated\">\n\t\t\t\t\t\t<div class=\"elementor-element elementor-element-c1aa391 eael_simple_menu_hamburger_disable_selected_menu_no eael-simple-menu-hamburger-align-right eael-hamburger--tablet elementor-widget elementor-widget-eael-simple-menu\" data-id=\"c1aa391\" data-element_type=\"widget\" data-e-type=\"widget\" data-widget_type=\"eael-simple-menu.default\">\n\t\t\t\t<div class=\"elementor-widget-container\">\n\t\t\t\t\t<style>\n                        @media screen and (max-width: 1024px) {\n                            .eael-hamburger--tablet {\n                                .eael-simple-menu-horizontal,\n                                .eael-simple-menu-vertical {\n                                    display: none;\n                                }\n                            }\n                            .eael-hamburger--tablet {\n                                .eael-simple-menu-container .eael-simple-menu-toggle {\n                                    display: block;\n                                }\n                            }\n                        }\n                    <\/style>            <div data-hamburger-icon=\"&lt;i aria-hidden=&quot;true&quot; class=&quot;fas fa-bars&quot;&gt;&lt;\/i&gt;\" data-indicator-icon=\"&lt;i aria-hidden=&quot;true&quot; class=&quot;fas fa-angle-down&quot;&gt;&lt;\/i&gt;\" data-dropdown-indicator-icon=\"&lt;i class=&quot;fas fa-angle-down&quot;&gt;&lt;\/i&gt;\" class=\"eael-simple-menu-container eael-simple-menu-align-left eael-simple-menu-dropdown-align-left preset-2\" data-hamburger-breakpoints=\"{&quot;mobile&quot;:&quot;Mobile Portrait (&gt; 767px)&quot;,&quot;tablet&quot;:&quot;Tablet Portrait (&gt; 1024px)&quot;,&quot;desktop&quot;:&quot;Desktop (&gt; 2400px)&quot;,&quot;none&quot;:&quot;None&quot;}\" data-hamburger-device=\"tablet\">\n                <ul id=\"menu-ptchit\" class=\"eael-simple-menu eael-simple-menu-dropdown-animate-to-top eael-simple-menu-indicator eael-simple-menu-vertical\"><li id=\"menu-item-632\" class=\"menu-item menu-item-type-post_type menu-item-object-page menu-item-632\"><a href=\"https:\/\/ptchit.lodz.pl\/en\/cele\/\">Objectives<\/a><\/li>\n<li id=\"menu-item-631\" class=\"menu-item menu-item-type-post_type menu-item-object-page menu-item-631\"><a href=\"https:\/\/ptchit.lodz.pl\/en\/statut\/\">Statute<\/a><\/li>\n<li id=\"menu-item-630\" class=\"menu-item menu-item-type-post_type menu-item-object-page menu-item-630\"><a href=\"https:\/\/ptchit.lodz.pl\/en\/czlonkowie-honorowi\/\">Honorary members<\/a><\/li>\n<li id=\"menu-item-628\" class=\"menu-item menu-item-type-post_type menu-item-object-page menu-item-628\"><a href=\"https:\/\/ptchit.lodz.pl\/en\/formularz-czlonkowski\/\">Membership form<\/a><\/li>\n<li id=\"menu-item-629\" class=\"menu-item menu-item-type-post_type menu-item-object-page menu-item-629\"><a href=\"https:\/\/ptchit.lodz.pl\/en\/historia-towarzystwa\/\">History of the Society<\/a><\/li>\n<\/ul>                <button class=\"eael-simple-menu-toggle\">\n                    <span class=\"sr-only\">Hamburger Toggle Menu<\/span>\n                    <i aria-hidden=\"true\" class=\"fas fa-bars\"><\/i>                <\/button>\n            <\/div>\n            \t\t\t\t<\/div>\n\t\t\t\t<\/div>\n\t\t\t\t\t<\/div>\n\t\t<\/div>\n\t\t\t\t<div class=\"elementor-column elementor-col-50 elementor-top-column elementor-element elementor-element-872460c\" data-id=\"872460c\" data-element_type=\"column\" data-e-type=\"column\">\n\t\t\t<div class=\"elementor-widget-wrap elementor-element-populated\">\n\t\t\t\t\t\t<div class=\"elementor-element elementor-element-dd55006 elementor-widget elementor-widget-heading\" data-id=\"dd55006\" data-element_type=\"widget\" data-e-type=\"widget\" data-widget_type=\"heading.default\">\n\t\t\t\t<div class=\"elementor-widget-container\">\n\t\t\t\t\t<h2 class=\"elementor-heading-title elementor-size-default\">Honorary members<\/h2>\t\t\t\t<\/div>\n\t\t\t\t<\/div>\n\t\t\t\t\t<\/div>\n\t\t<\/div>\n\t\t\t\t\t<\/div>\n\t\t<\/section>\n\t\t\t\t<\/div>","protected":false},"excerpt":{"rendered":"<p>Cele Statut Cz\u0142onkowie honorowi Formularz cz\u0142onkowski Historia Towarzystwa Cz\u0142onkowie honorowi<\/p>","protected":false},"author":1,"featured_media":0,"parent":0,"menu_order":0,"comment_status":"closed","ping_status":"closed","template":"","meta":{"footnotes":""},"class_list":["post-104","page","type-page","status-publish","hentry"],"blocksy_meta":{"styles_descriptor":{"styles":{"desktop":"","tablet":"","mobile":""},"google_fonts":[],"version":6}},"yoast_head":"<!-- This site is optimized with the Yoast SEO plugin v27.2 - https:\/\/yoast.com\/product\/yoast-seo-wordpress\/ -->\n<title>Cz\u0142onkowie honorowi - PTCHIT<\/title>\n<meta name=\"robots\" content=\"index, follow, max-snippet:-1, max-image-preview:large, max-video-preview:-1\" \/>\n<link rel=\"canonical\" href=\"https:\/\/ptchit.lodz.pl\/en\/czlonkowie-honorowi\/\" \/>\n<meta name=\"twitter:label1\" content=\"Est. reading time\" \/>\n\t<meta name=\"twitter:data1\" content=\"1 minute\" \/>\n<script type=\"application\/ld+json\" class=\"yoast-schema-graph\">{\"@context\":\"https:\/\/schema.org\",\"@graph\":[{\"@type\":\"WebPage\",\"@id\":\"https:\/\/ptchit.lodz.pl\/czlonkowie-honorowi\/\",\"url\":\"https:\/\/ptchit.lodz.pl\/czlonkowie-honorowi\/\",\"name\":\"Cz\u0142onkowie honorowi - PTCHIT\",\"isPartOf\":{\"@id\":\"https:\/\/ptchit.lodz.pl\/#website\"},\"datePublished\":\"2022-03-09T10:52:34+00:00\",\"dateModified\":\"2022-04-29T10:13:22+00:00\",\"breadcrumb\":{\"@id\":\"https:\/\/ptchit.lodz.pl\/czlonkowie-honorowi\/#breadcrumb\"},\"inLanguage\":\"en-US\",\"potentialAction\":[{\"@type\":\"ReadAction\",\"target\":[\"https:\/\/ptchit.lodz.pl\/czlonkowie-honorowi\/\"]}]},{\"@type\":\"BreadcrumbList\",\"@id\":\"https:\/\/ptchit.lodz.pl\/czlonkowie-honorowi\/#breadcrumb\",\"itemListElement\":[{\"@type\":\"ListItem\",\"position\":1,\"name\":\"Strona g\u0142\u00f3wna\",\"item\":\"https:\/\/ptchit.lodz.pl\/\"},{\"@type\":\"ListItem\",\"position\":2,\"name\":\"Cz\u0142onkowie honorowi\"}]},{\"@type\":\"WebSite\",\"@id\":\"https:\/\/ptchit.lodz.pl\/#website\",\"url\":\"https:\/\/ptchit.lodz.pl\/\",\"name\":\"PTCHIT\",\"description\":\"Polskie Towarzystwo Chitynowe\",\"publisher\":{\"@id\":\"https:\/\/ptchit.lodz.pl\/#organization\"},\"alternateName\":\"Polskie Towarzystwo Chitynowe\",\"potentialAction\":[{\"@type\":\"SearchAction\",\"target\":{\"@type\":\"EntryPoint\",\"urlTemplate\":\"https:\/\/ptchit.lodz.pl\/?s={search_term_string}\"},\"query-input\":{\"@type\":\"PropertyValueSpecification\",\"valueRequired\":true,\"valueName\":\"search_term_string\"}}],\"inLanguage\":\"en-US\"},{\"@type\":\"Organization\",\"@id\":\"https:\/\/ptchit.lodz.pl\/#organization\",\"name\":\"Polskie Towarzystwo Chitynowe\",\"alternateName\":\"PTChit\",\"url\":\"https:\/\/ptchit.lodz.pl\/\",\"logo\":{\"@type\":\"ImageObject\",\"inLanguage\":\"en-US\",\"@id\":\"https:\/\/ptchit.lodz.pl\/#\/schema\/logo\/image\/\",\"url\":\"https:\/\/ptchit.lodz.pl\/wp-content\/uploads\/2022\/03\/logo-PTChit.jpg\",\"contentUrl\":\"https:\/\/ptchit.lodz.pl\/wp-content\/uploads\/2022\/03\/logo-PTChit.jpg\",\"width\":1240,\"height\":1240,\"caption\":\"Polskie Towarzystwo Chitynowe\"},\"image\":{\"@id\":\"https:\/\/ptchit.lodz.pl\/#\/schema\/logo\/image\/\"}}]}<\/script>\n<!-- \/ Yoast SEO plugin. -->","yoast_head_json":{"title":"Cz\u0142onkowie honorowi - PTCHIT","robots":{"index":"index","follow":"follow","max-snippet":"max-snippet:-1","max-image-preview":"max-image-preview:large","max-video-preview":"max-video-preview:-1"},"canonical":"https:\/\/ptchit.lodz.pl\/en\/czlonkowie-honorowi\/","twitter_misc":{"Est. reading time":"1 minute"},"schema":{"@context":"https:\/\/schema.org","@graph":[{"@type":"WebPage","@id":"https:\/\/ptchit.lodz.pl\/czlonkowie-honorowi\/","url":"https:\/\/ptchit.lodz.pl\/czlonkowie-honorowi\/","name":"Cz\u0142onkowie honorowi - PTCHIT","isPartOf":{"@id":"https:\/\/ptchit.lodz.pl\/#website"},"datePublished":"2022-03-09T10:52:34+00:00","dateModified":"2022-04-29T10:13:22+00:00","breadcrumb":{"@id":"https:\/\/ptchit.lodz.pl\/czlonkowie-honorowi\/#breadcrumb"},"inLanguage":"en-US","potentialAction":[{"@type":"ReadAction","target":["https:\/\/ptchit.lodz.pl\/czlonkowie-honorowi\/"]}]},{"@type":"BreadcrumbList","@id":"https:\/\/ptchit.lodz.pl\/czlonkowie-honorowi\/#breadcrumb","itemListElement":[{"@type":"ListItem","position":1,"name":"Strona g\u0142\u00f3wna","item":"https:\/\/ptchit.lodz.pl\/"},{"@type":"ListItem","position":2,"name":"Cz\u0142onkowie honorowi"}]},{"@type":"WebSite","@id":"https:\/\/ptchit.lodz.pl\/#website","url":"https:\/\/ptchit.lodz.pl\/","name":"PTCHIT","description":"Polish Chitin Society","publisher":{"@id":"https:\/\/ptchit.lodz.pl\/#organization"},"alternateName":"Polskie Towarzystwo Chitynowe","potentialAction":[{"@type":"SearchAction","target":{"@type":"EntryPoint","urlTemplate":"https:\/\/ptchit.lodz.pl\/?s={search_term_string}"},"query-input":{"@type":"PropertyValueSpecification","valueRequired":true,"valueName":"search_term_string"}}],"inLanguage":"en-US"},{"@type":"Organization","@id":"https:\/\/ptchit.lodz.pl\/#organization","name":"Polish Chitin Society","alternateName":"PTChit","url":"https:\/\/ptchit.lodz.pl\/","logo":{"@type":"ImageObject","inLanguage":"en-US","@id":"https:\/\/ptchit.lodz.pl\/#\/schema\/logo\/image\/","url":"https:\/\/ptchit.lodz.pl\/wp-content\/uploads\/2022\/03\/logo-PTChit.jpg","contentUrl":"https:\/\/ptchit.lodz.pl\/wp-content\/uploads\/2022\/03\/logo-PTChit.jpg","width":1240,"height":1240,"caption":"Polskie Towarzystwo Chitynowe"},"image":{"@id":"https:\/\/ptchit.lodz.pl\/#\/schema\/logo\/image\/"}}]}},"_links":{"self":[{"href":"https:\/\/ptchit.lodz.pl\/en\/wp-json\/wp\/v2\/pages\/104","targetHints":{"allow":["GET"]}}],"collection":[{"href":"https:\/\/ptchit.lodz.pl\/en\/wp-json\/wp\/v2\/pages"}],"about":[{"href":"https:\/\/ptchit.lodz.pl\/en\/wp-json\/wp\/v2\/types\/page"}],"author":[{"embeddable":true,"href":"https:\/\/ptchit.lodz.pl\/en\/wp-json\/wp\/v2\/users\/1"}],"replies":[{"embeddable":true,"href":"https:\/\/ptchit.lodz.pl\/en\/wp-json\/wp\/v2\/comments?post=104"}],"version-history":[{"count":7,"href":"https:\/\/ptchit.lodz.pl\/en\/wp-json\/wp\/v2\/pages\/104\/revisions"}],"predecessor-version":[{"id":681,"href":"https:\/\/ptchit.lodz.pl\/en\/wp-json\/wp\/v2\/pages\/104\/revisions\/681"}],"wp:attachment":[{"href":"https:\/\/ptchit.lodz.pl\/en\/wp-json\/wp\/v2\/media?parent=104"}],"curies":[{"name":"wp","href":"https:\/\/api.w.org\/{rel}","templated":true}]}}